{"id":148,"date":"2021-01-05T12:08:00","date_gmt":"2021-01-05T12:08:00","guid":{"rendered":"http:\/\/www.acument.ind.br\/?page_id=148"},"modified":"2021-03-31T12:41:28","modified_gmt":"2021-03-31T12:41:28","slug":"licenca-de-uso-br","status":"publish","type":"page","link":"https:\/\/gruppofontana.it\/latam\/licenca-de-uso-br\/","title":{"rendered":"LICEN\u00c7A DE USO BR"},"content":{"rendered":"<p>[vc_row full_width=&#8221;stretch_row&#8221; css=&#8221;.vc_custom_1610632006455{background-image: url(http:\/\/www.acument.ind.br\/wp-content\/uploads\/2021\/01\/SLIDE-PAtents.png?id=418) !important;background-position: center !important;background-repeat: no-repeat !important;background-size: cover !important;}&#8221;][vc_column][vc_empty_space height=&#8221;300px&#8221;][\/vc_column][\/vc_row][vc_row full_width=&#8221;stretch_row&#8221;][vc_column width=&#8221;1\/6&#8243;][\/vc_column][vc_column width=&#8221;2\/3&#8243;][vc_column_text]<\/p>\n<p style=\"text-align: center; font-family: libre franklin; font-weight: 500; font-size: 20px; color: #149442; text-transform: uppercase;\">Licen\u00e7a de uso BR<\/p>\n<p style=\"text-align: center; font-family: libre franklin; font-weight: 600; font-size: 35px; color: #0b854c;\"><img loading=\"lazy\" decoding=\"async\" class=\"size-medium wp-image-15 aligncenter\" src=\"https:\/\/www.acument.ind.br\/wp-content\/uploads\/2021\/03\/filetto-1.png\" alt=\"\" width=\"300\" height=\"25\" \/><\/p>\n<p>[\/vc_column_text][vc_empty_space height=&#8221;10px&#8221;][\/vc_column][vc_column width=&#8221;1\/6&#8243;][\/vc_column][\/vc_row][vc_row full_width=&#8221;stretch_row_content_no_spaces&#8221;][vc_column][vc_tta_tour style=&#8221;flat&#8221; shape=&#8221;square&#8221; color=&#8221;white&#8221; spacing=&#8221;&#8221; alignment=&#8221;center&#8221; controls_size=&#8221;sm&#8221; active_section=&#8221;1&#8243; css=&#8221;.vc_custom_1610019176355{background-color: #ffffff !important;}&#8221;][vc_tta_section title=&#8221;TORX PLUS\u00ae&#8221; tab_id=&#8221;1610017539198-d78ac6aa-a964&#8243;][vc_row_inner gap=&#8221;15&#8243;][vc_column_inner width=&#8221;2\/3&#8243;][vc_single_image image=&#8221;268&#8243; img_size=&#8221;full&#8221; alignment=&#8221;center&#8221;][\/vc_column_inner][vc_column_inner width=&#8221;1\/3&#8243;][vc_column_text]<\/p>\n<p style=\"font-family: 'libre franklin'; font-weight: 500; font-size: 20px; color: #149442; text-align: left;\">TORX PLUS\u00ae<\/p>\n<p>[\/vc_column_text][vc_column_text]<\/p>\n<ul>\n<li style=\"font-family: 'libre franklin'; font-weight: 300; font-size: 14px; color: #161922; text-align: left;\">Melhoria m\u00e9dia na for\u00e7a de tor\u00e7\u00e3o do driver<\/li>\n<li style=\"font-family: 'libre franklin'; font-weight: 300; font-size: 14px; color: #161922; text-align: left;\">Maior vida \u00fatil do que o sistema de acionamento Torx<\/li>\n<li style=\"font-family: 'libre franklin'; font-weight: 300; font-size: 14px; color: #161922; text-align: left;\">O aumento da for\u00e7a da chave permite maior capacidade de torque de remo\u00e7\u00e3o<\/li>\n<\/ul>\n<p>[\/vc_column_text][\/vc_column_inner][\/vc_row_inner][\/vc_tta_section][vc_tta_section title=&#8221;TORX\u00ae&#8221; tab_id=&#8221;1610017956919-5ae21b69-68c3&#8243;][vc_row_inner gap=&#8221;15&#8243;][vc_column_inner width=&#8221;2\/3&#8243;][vc_single_image image=&#8221;269&#8243; img_size=&#8221;full&#8221; alignment=&#8221;center&#8221;][\/vc_column_inner][vc_column_inner width=&#8221;1\/3&#8243;][vc_column_text]<\/p>\n<p style=\"font-family: 'libre franklin'; font-weight: 500; font-size: 20px; color: #149442; text-align: left;\">TORX\u00ae<\/p>\n<p>[\/vc_column_text][vc_column_text]<\/p>\n<ul>\n<li style=\"font-family: 'libre franklin'; font-weight: 300; font-size: 14px; color: #161922; text-align: left;\">Aumente a confiabilidade do produto em rela\u00e7\u00e3o aos sistemas de aparafusamentos comuns<\/li>\n<li style=\"font-family: 'libre franklin'; font-weight: 300; font-size: 14px; color: #161922; text-align: left;\">Elimine oscila\u00e7\u00e3o durante o aperto<\/li>\n<li style=\"font-family: 'libre franklin'; font-weight: 300; font-size: 14px; color: #161922; text-align: left;\">Reduz os custos totais de montagem e a vida \u00fatil do bit em compara\u00e7\u00e3o com os sistemas de aparafusamentos concorrentes<\/li>\n<\/ul>\n<p>[\/vc_column_text][\/vc_column_inner][\/vc_row_inner][\/vc_tta_section][vc_tta_section title=&#8221;STRUX\u00ae&#8221; tab_id=&#8221;1610017997573-5c39f810-69ce&#8221;][vc_row_inner gap=&#8221;15&#8243;][vc_column_inner width=&#8221;2\/3&#8243;][vc_single_image image=&#8221;267&#8243; img_size=&#8221;full&#8221; alignment=&#8221;center&#8221;][\/vc_column_inner][vc_column_inner width=&#8221;1\/3&#8243;][vc_column_text]<\/p>\n<p style=\"font-family: 'libre franklin'; font-weight: 500; font-size: 20px; color: #149442; text-align: left;\">STRUX\u00ae<\/p>\n<p>[\/vc_column_text][vc_column_text]<\/p>\n<ul>\n<li style=\"font-family: 'libre franklin'; font-weight: 300; font-size: 14px; color: #161922; text-align: left;\">Facilita a montagem de componentes dif\u00edceis de alcan\u00e7ar<\/li>\n<li style=\"font-family: 'libre franklin'; font-weight: 300; font-size: 14px; color: #161922; text-align: left;\">Elimina opera\u00e7\u00f5es de soldagem<\/li>\n<li style=\"font-family: 'libre franklin'; font-weight: 300; font-size: 14px; color: #161922; text-align: left;\">Acomoda em chapa de espessura maior que 1 mm<\/li>\n<li style=\"font-family: 'libre franklin'; font-weight: 300; font-size: 14px; color: #161922; text-align: left;\">Pode ser instalado na matriz com o \u00fanico equipamento existente<\/li>\n<\/ul>\n<p>[\/vc_column_text][\/vc_column_inner][\/vc_row_inner][\/vc_tta_section][vc_tta_section title=&#8221;ESASCALANATA\u00ae&#8221; tab_id=&#8221;1610018044888-ed2cc17f-bf6a&#8221;][vc_row_inner gap=&#8221;15&#8243;][vc_column_inner width=&#8221;2\/3&#8243;][vc_single_image image=&#8221;266&#8243; img_size=&#8221;full&#8221; alignment=&#8221;center&#8221;][\/vc_column_inner][vc_column_inner width=&#8221;1\/3&#8243;][vc_column_text]<\/p>\n<p style=\"font-family: 'libre franklin'; font-weight: 500; font-size: 20px; color: #149442; text-align: left;\">ESASCALANATA\u00ae<\/p>\n<p>[\/vc_column_text][vc_column_text]<\/p>\n<ul>\n<li style=\"font-family: 'libre franklin'; font-weight: 300; font-size: 14px; color: #161922; text-align: left;\">Material apenas onde necess\u00e1rio<\/li>\n<li style=\"font-family: 'libre franklin'; font-weight: 300; font-size: 14px; color: #161922; text-align: left;\">Otimiza\u00e7\u00e3o de soquete<\/li>\n<li style=\"font-family: 'libre franklin'; font-weight: 300; font-size: 14px; color: #161922; text-align: left;\">Redu\u00e7\u00e3o de altura<\/li>\n<li style=\"font-family: 'libre franklin'; font-weight: 300; font-size: 14px; color: #161922; text-align: left;\">100% de efici\u00eancia na transmiss\u00e3o de torque atrav\u00e9s de planos radiais<\/li>\n<\/ul>\n<p>[\/vc_column_text][\/vc_column_inner][\/vc_row_inner][\/vc_tta_section][vc_tta_section title=&#8221;EJOT PT\u00ae&#8221; tab_id=&#8221;1610018097164-51db2132-3adb&#8221;][vc_row_inner gap=&#8221;15&#8243;][vc_column_inner width=&#8221;2\/3&#8243;][vc_single_image image=&#8221;831&#8243; img_size=&#8221;full&#8221; alignment=&#8221;center&#8221;][\/vc_column_inner][vc_column_inner width=&#8221;1\/3&#8243;][vc_column_text]<\/p>\n<p style=\"font-family: 'libre franklin'; font-weight: 500; font-size: 20px; color: #149442; text-align: left;\">EJOT PT\u00ae<\/p>\n<p>[\/vc_column_text][vc_column_text]<\/p>\n<ul>\n<li style=\"font-family: 'libre franklin'; font-weight: 300; font-size: 14px; color: #161922; text-align: left;\">Aplica\u00e7\u00e3o autorrascante em termopl\u00e1sticos<\/li>\n<li style=\"font-family: 'libre franklin'; font-weight: 300; font-size: 14px; color: #161922; text-align: left;\">Os campos de aplica\u00e7\u00f5es poss\u00edveis para este elemento de fixa\u00e7\u00e3o incluem todas as aplica\u00e7\u00f5es industriais<\/li>\n<li style=\"font-family: 'libre franklin'; font-weight: 300; font-size: 14px; color: #161922; text-align: left;\">Tenologia EJOT PT\u00ae<\/li>\n<\/ul>\n<p>[\/vc_column_text][\/vc_column_inner][\/vc_row_inner][\/vc_tta_section][vc_tta_section title=&#8221;DELTA PT\u00ae&#8221; tab_id=&#8221;1610018147749-f6c38661-c49a&#8221;][vc_row_inner gap=&#8221;15&#8243;][vc_column_inner width=&#8221;2\/3&#8243;][vc_single_image image=&#8221;741&#8243; img_size=&#8221;full&#8221; alignment=&#8221;center&#8221;][\/vc_column_inner][vc_column_inner width=&#8221;1\/3&#8243;][vc_column_text]<\/p>\n<p style=\"font-family: 'libre franklin'; font-weight: 500; font-size: 20px; color: #149442; text-align: left;\">DELTA PT\u00ae<\/p>\n<p>[\/vc_column_text][vc_column_text]<\/p>\n<ul>\n<li style=\"font-family: 'libre franklin'; font-weight: 300; font-size: 14px; color: #161922; text-align: left;\">O parafuso EJOT DELTA PT\u00ae \u00e9 um elemento de fixa\u00e7\u00e3o especial para uma montagem direta confi\u00e1vel e f\u00e1cil em termopl\u00e1stico<\/li>\n<li style=\"font-family: 'libre franklin'; font-weight: 300; font-size: 14px; color: #161922; text-align: left;\">A gama de utiliza\u00e7\u00f5es poss\u00edvel inclui todas as aplica\u00e7\u00f5es industriais<\/li>\n<li style=\"font-family: 'libre franklin'; font-weight: 300; font-size: 14px; color: #161922; text-align: left;\">Tenologia DELTA PT\u00ae<\/li>\n<\/ul>\n<p>[\/vc_column_text][\/vc_column_inner][\/vc_row_inner][\/vc_tta_section][vc_tta_section title=&#8221;MA THREAD\u00ae&#8221; tab_id=&#8221;1610018191964-2c604b67-80b8&#8243;][vc_row_inner gap=&#8221;15&#8243;][vc_column_inner width=&#8221;2\/3&#8243;][vc_single_image image=&#8221;737&#8243; img_size=&#8221;full&#8221; alignment=&#8221;center&#8221;][\/vc_column_inner][vc_column_inner width=&#8221;1\/3&#8243;][vc_column_text]<\/p>\n<p style=\"font-family: 'libre franklin'; font-weight: 500; font-size: 20px; color: #149442; text-align: left;\">MaThread\u00ae<\/p>\n<p>[\/vc_column_text][vc_column_text]<\/p>\n<ul>\n<li style=\"font-family: 'libre franklin'; font-weight: 300; font-size: 14px; color: #161922; text-align: left;\">O MAThread\u00ae elimina todo o emperramento e travamento dos fixadores, problemas mais comuns em pontas comuns<\/li>\n<li style=\"font-family: 'libre franklin'; font-weight: 300; font-size: 14px; color: #161922; text-align: left;\">Ponta especifica para cada aplica\u00e7\u00e3o<\/li>\n<\/ul>\n<p>[\/vc_column_text][\/vc_column_inner][\/vc_row_inner][\/vc_tta_section][vc_tta_section title=&#8221;PLASTITE\u00ae&#8221; tab_id=&#8221;1610018228039-5372ea91-773a&#8221;][vc_row_inner gap=&#8221;15&#8243;][vc_column_inner width=&#8221;2\/3&#8243;][vc_single_image image=&#8221;832&#8243; img_size=&#8221;full&#8221; alignment=&#8221;center&#8221;][\/vc_column_inner][vc_column_inner width=&#8221;1\/3&#8243;][vc_column_text]<\/p>\n<p style=\"font-family: 'libre franklin'; font-weight: 500; font-size: 20px; color: #149442; text-align: left;\">PLASTITE\u00ae<\/p>\n<p>[\/vc_column_text][vc_column_text]<\/p>\n<ul>\n<li style=\"font-family: 'libre franklin'; font-weight: 300; font-size: 14px; color: #161922; text-align: left;\">Os parafusos de rosca PLASTITE\u00ae 45 TRILOBULAR\u00ae t\u00eam espa\u00e7amento extra largo entre as roscas de perfil estreito, resultando em tens\u00e3o induzida excepcionalmente baixa e tend\u00eancias de ruptura extra baixas<\/li>\n<li style=\"font-family: 'libre franklin'; font-weight: 300; font-size: 14px; color: #161922; text-align: left;\">O desenho da forma da rosca TRILOBULAR\u00ae oferece al\u00edvio total para f\u00e1cil condu\u00e7\u00e3o e resist\u00eancia efetiva ao afrouxamento vibracional<\/li>\n<\/ul>\n<p>[\/vc_column_text][\/vc_column_inner][\/vc_row_inner][\/vc_tta_section][vc_tta_section title=&#8221;DUO-TAPTITE\u00ae&#8221; tab_id=&#8221;1610018266846-cdeb5657-0d9f&#8221;][vc_row_inner gap=&#8221;15&#8243;][vc_column_inner width=&#8221;2\/3&#8243;][vc_single_image image=&#8221;829&#8243; img_size=&#8221;full&#8221; alignment=&#8221;center&#8221;][\/vc_column_inner][vc_column_inner width=&#8221;1\/3&#8243;][vc_column_text]<\/p>\n<p style=\"font-family: 'libre franklin'; font-weight: 500; font-size: 20px; color: #149442; text-align: left;\">DUO-TAPTITE\u00ae<\/p>\n<p>[\/vc_column_text][vc_column_text]<\/p>\n<ul>\n<li style=\"font-family: 'libre franklin'; font-weight: 300; font-size: 14px; color: #161922; text-align: left;\">Os parafusos de rosca DUO-TAPTITE\u00ae TRILOBULAR\u00ae t\u00eam lobula\u00e7\u00e3o generosa na ponta do parafuso para f\u00e1cil entrada e a\u00e7\u00e3o de forma\u00e7\u00e3o ideal, al\u00e9m de lobula\u00e7\u00e3o reduzida no corpo do parafuso para maior poder de fixa\u00e7\u00e3o<\/li>\n<li style=\"font-family: 'libre franklin'; font-weight: 300; font-size: 14px; color: #161922; text-align: left;\">Entrada f\u00e1cil, alinhamento positivo e estabilidade inicial consistente<\/li>\n<li style=\"font-family: 'libre franklin'; font-weight: 300; font-size: 14px; color: #161922; text-align: left;\">Mais baixo press\u00e3o inicial final<\/li>\n<li style=\"font-family: 'libre franklin'; font-weight: 300; font-size: 14px; color: #161922; text-align: left;\">Torque predominante mais alto<\/li>\n<li style=\"font-family: 'libre franklin'; font-weight: 300; font-size: 14px; color: #161922; text-align: left;\">Excelente resist\u00eancia ao afrouxamento vibracional<\/li>\n<\/ul>\n<p>[\/vc_column_text][\/vc_column_inner][\/vc_row_inner][\/vc_tta_section][vc_tta_section title=&#8221;TAPTITE 2000\u00ae&#8221; tab_id=&#8221;1610018317969-392851af-77c3&#8243;][vc_row_inner gap=&#8221;15&#8243;][vc_column_inner width=&#8221;2\/3&#8243;][vc_single_image image=&#8221;827&#8243; img_size=&#8221;full&#8221; alignment=&#8221;center&#8221;][\/vc_column_inner][vc_column_inner width=&#8221;1\/3&#8243;][vc_column_text]<\/p>\n<p style=\"font-family: 'libre franklin'; font-weight: 500; font-size: 20px; color: #149442; text-align: left;\">TAPTITE 2000\u00ae<\/p>\n<p>[\/vc_column_text][vc_column_text]<\/p>\n<ul>\n<li style=\"font-family: 'libre franklin'; font-weight: 300; font-size: 14px; color: #161922; text-align: left;\">Torque de forma\u00e7\u00e3o de rosca baixa<\/li>\n<li style=\"font-family: 'libre franklin'; font-weight: 300; font-size: 14px; color: #161922; text-align: left;\">Resiste ao afrouxamento vibracional<\/li>\n<li style=\"font-family: 'libre franklin'; font-weight: 300; font-size: 14px; color: #161922; text-align: left;\">Fornece torque predominante (prevalent torque)<\/li>\n<li style=\"font-family: 'libre franklin'; font-weight: 300; font-size: 14px; color: #161922; text-align: left;\">Permite engajamentos de rosca profundos<\/li>\n<\/ul>\n<p>[\/vc_column_text][\/vc_column_inner][\/vc_row_inner][\/vc_tta_section][vc_tta_section title=&#8221;REMFORM\u00ae&#8221; tab_id=&#8221;1610018370371-73ab3f8e-ae7d&#8221;][vc_row_inner gap=&#8221;15&#8243;][vc_column_inner width=&#8221;2\/3&#8243;][vc_single_image image=&#8221;739&#8243; img_size=&#8221;full&#8221; alignment=&#8221;center&#8221;][\/vc_column_inner][vc_column_inner width=&#8221;1\/3&#8243;][vc_column_text]<\/p>\n<p style=\"font-family: 'libre franklin'; font-weight: 500; font-size: 20px; color: #149442; text-align: left;\">REMFORM\u00ae<\/p>\n<p>[\/vc_column_text][vc_column_text]<\/p>\n<ul>\n<li style=\"font-family: 'libre franklin'; font-weight: 300; font-size: 14px; color: #161922; text-align: left;\">O parafuso REMFORM\u00ae II \u2122 \u00e9 um fixador formador de rosca com um formato de rosca exclusivo para fornecer desempenho superior na ampla gama de pl\u00e1sticos atuais. A rosca assim\u00e9trica minimiza a tens\u00e3o radial do arco para reduzir o estouro da sali\u00eancia. O \u00e2ngulo da ponta estreita tamb\u00e9m reduz o esfor\u00e7o no elemento de porca de pl\u00e1stico<\/li>\n<\/ul>\n<p>[\/vc_column_text][\/vc_column_inner][\/vc_row_inner][\/vc_tta_section][\/vc_tta_tour][\/vc_column][\/vc_row][vc_row full_width=&#8221;stretch_row&#8221; css=&#8221;.vc_custom_1614934723502{border-bottom-width: 5px !important;border-bottom-color: #0b854c !important;border-bottom-style: solid !important;}&#8221;][vc_column width=&#8221;1\/4&#8243;][\/vc_column][vc_column width=&#8221;1\/2&#8243;][vc_btn title=&#8221;LICEN\u00c7AS DO GRUPO&#8221; style=&#8221;outline-custom&#8221; outline_custom_color=&#8221;#149442&#8243; outline_custom_hover_background=&#8221;#149442&#8243; outline_custom_hover_text=&#8221;#ffffff&#8221; shape=&#8221;square&#8221; size=&#8221;lg&#8221; align=&#8221;center&#8221; button_block=&#8221;true&#8221; link=&#8221;url:https%3A%2F%2Fgruppofontana.it%2Fpatents-solutions%2F%3Flang%3Den||target:%20_blank|&#8221;][\/vc_column][vc_column width=&#8221;1\/4&#8243;][\/vc_column][\/vc_row]<\/p>\n","protected":false},"excerpt":{"rendered":"<p>[vc_row full_width=&#8221;stretch_row&#8221; css=&#8221;.vc_custom_1610632006455{background-image: url(http:\/\/www.acument.ind.br\/wp-content\/uploads\/2021\/01\/SLIDE-PAtents.png?id=418) !important;background-position: center !important;background-repeat: no-repeat !important;background-size: cover !important;}&#8221;][vc_column][vc_empty_space height=&#8221;300px&#8221;][\/vc_column][\/vc_row][vc_row full_width=&#8221;stretch_row&#8221;][vc_column width=&#8221;1\/6&#8243;][\/vc_column][vc_column width=&#8221;2\/3&#8243;][vc_column_text] Licen\u00e7a de uso BR [\/vc_column_text][vc_empty_space height=&#8221;10px&#8221;][\/vc_column][vc_column width=&#8221;1\/6&#8243;][\/vc_column][\/vc_row][vc_row full_width=&#8221;stretch_row_content_no_spaces&#8221;][vc_column][vc_tta_tour style=&#8221;flat&#8221; shape=&#8221;square&#8221; color=&#8221;white&#8221;<span class=\"excerpt-hellip\"> [\u2026]<\/span><\/p>\n","protected":false},"author":1,"featured_media":0,"parent":0,"menu_order":0,"comment_status":"closed","ping_status":"closed","template":"","meta":{"footnotes":""},"class_list":["post-148","page","type-page","status-publish","hentry"],"yoast_head":"<!-- This site is optimized with the Yoast SEO plugin v20.1 - https:\/\/yoast.com\/wordpress\/plugins\/seo\/ -->\n<title>LICEN\u00c7A DE USO BR - Latam Gruppo Fontana<\/title>\n<meta name=\"robots\" content=\"index, follow, max-snippet:-1, max-image-preview:large, max-video-preview:-1\" \/>\n<link rel=\"canonical\" href=\"https:\/\/gruppofontana.it\/latam\/licenca-de-uso-br\/\" \/>\n<meta property=\"og:locale\" content=\"it_IT\" \/>\n<meta property=\"og:type\" content=\"article\" \/>\n<meta property=\"og:title\" content=\"LICEN\u00c7A DE USO BR - Latam Gruppo Fontana\" \/>\n<meta property=\"og:description\" content=\"[vc_row full_width=&#8221;stretch_row&#8221; css=&#8221;.vc_custom_1610632006455{background-image: url(http:\/\/www.acument.ind.br\/wp-content\/uploads\/2021\/01\/SLIDE-PAtents.png?id=418) !important;background-position: center !important;background-repeat: no-repeat !important;background-size: cover !important;}&#8221;][vc_column][vc_empty_space height=&#8221;300px&#8221;][\/vc_column][\/vc_row][vc_row full_width=&#8221;stretch_row&#8221;][vc_column width=&#8221;1\/6&#8243;][\/vc_column][vc_column width=&#8221;2\/3&#8243;][vc_column_text] Licen\u00e7a de uso BR [\/vc_column_text][vc_empty_space height=&#8221;10px&#8221;][\/vc_column][vc_column width=&#8221;1\/6&#8243;][\/vc_column][\/vc_row][vc_row full_width=&#8221;stretch_row_content_no_spaces&#8221;][vc_column][vc_tta_tour style=&#8221;flat&#8221; shape=&#8221;square&#8221; color=&#8221;white&#8221; [\u2026]\" \/>\n<meta property=\"og:url\" content=\"https:\/\/gruppofontana.it\/latam\/licenca-de-uso-br\/\" \/>\n<meta property=\"og:site_name\" content=\"Latam Gruppo Fontana\" \/>\n<meta property=\"article:modified_time\" content=\"2021-03-31T12:41:28+00:00\" \/>\n<meta property=\"og:image\" content=\"https:\/\/www.acument.ind.br\/wp-content\/uploads\/2021\/03\/filetto-1.png\" \/>\n<meta name=\"twitter:card\" content=\"summary_large_image\" \/>\n<meta name=\"twitter:label1\" content=\"Tempo di lettura stimato\" \/>\n\t<meta name=\"twitter:data1\" content=\"6 minuti\" \/>\n<script type=\"application\/ld+json\" class=\"yoast-schema-graph\">{\"@context\":\"https:\/\/schema.org\",\"@graph\":[{\"@type\":\"WebPage\",\"@id\":\"https:\/\/gruppofontana.it\/latam\/licenca-de-uso-br\/\",\"url\":\"https:\/\/gruppofontana.it\/latam\/licenca-de-uso-br\/\",\"name\":\"LICEN\u00c7A DE USO BR - Latam Gruppo Fontana\",\"isPartOf\":{\"@id\":\"https:\/\/gruppofontana.it\/latam\/#website\"},\"datePublished\":\"2021-01-05T12:08:00+00:00\",\"dateModified\":\"2021-03-31T12:41:28+00:00\",\"breadcrumb\":{\"@id\":\"https:\/\/gruppofontana.it\/latam\/licenca-de-uso-br\/#breadcrumb\"},\"inLanguage\":\"it-IT\",\"potentialAction\":[{\"@type\":\"ReadAction\",\"target\":[\"https:\/\/gruppofontana.it\/latam\/licenca-de-uso-br\/\"]}]},{\"@type\":\"BreadcrumbList\",\"@id\":\"https:\/\/gruppofontana.it\/latam\/licenca-de-uso-br\/#breadcrumb\",\"itemListElement\":[{\"@type\":\"ListItem\",\"position\":1,\"name\":\"Home\",\"item\":\"https:\/\/gruppofontana.it\/latam\/\"},{\"@type\":\"ListItem\",\"position\":2,\"name\":\"LICEN\u00c7A DE USO BR\"}]},{\"@type\":\"WebSite\",\"@id\":\"https:\/\/gruppofontana.it\/latam\/#website\",\"url\":\"https:\/\/gruppofontana.it\/latam\/\",\"name\":\"Latam Gruppo Fontana\",\"description\":\"\",\"publisher\":{\"@id\":\"https:\/\/gruppofontana.it\/latam\/#organization\"},\"potentialAction\":[{\"@type\":\"SearchAction\",\"target\":{\"@type\":\"EntryPoint\",\"urlTemplate\":\"https:\/\/gruppofontana.it\/latam\/?s={search_term_string}\"},\"query-input\":\"required name=search_term_string\"}],\"inLanguage\":\"it-IT\"},{\"@type\":\"Organization\",\"@id\":\"https:\/\/gruppofontana.it\/latam\/#organization\",\"name\":\"Latam Gruppo Fontana\",\"url\":\"https:\/\/gruppofontana.it\/latam\/\",\"logo\":{\"@type\":\"ImageObject\",\"inLanguage\":\"it-IT\",\"@id\":\"https:\/\/gruppofontana.it\/latam\/#\/schema\/logo\/image\/\",\"url\":\"https:\/\/gruppofontana.it\/latam\/wp-content\/uploads\/2024\/07\/cropped-LOGO-FONTANA-SPIRALE-e1741347346578.png\",\"contentUrl\":\"https:\/\/gruppofontana.it\/latam\/wp-content\/uploads\/2024\/07\/cropped-LOGO-FONTANA-SPIRALE-e1741347346578.png\",\"width\":3000,\"height\":503,\"caption\":\"Latam Gruppo Fontana\"},\"image\":{\"@id\":\"https:\/\/gruppofontana.it\/latam\/#\/schema\/logo\/image\/\"}}]}<\/script>\n<!-- \/ Yoast SEO plugin. -->","yoast_head_json":{"title":"LICEN\u00c7A DE USO BR - Latam Gruppo Fontana","robots":{"index":"index","follow":"follow","max-snippet":"max-snippet:-1","max-image-preview":"max-image-preview:large","max-video-preview":"max-video-preview:-1"},"canonical":"https:\/\/gruppofontana.it\/latam\/licenca-de-uso-br\/","og_locale":"it_IT","og_type":"article","og_title":"LICEN\u00c7A DE USO BR - Latam Gruppo Fontana","og_description":"[vc_row full_width=&#8221;stretch_row&#8221; css=&#8221;.vc_custom_1610632006455{background-image: url(http:\/\/www.acument.ind.br\/wp-content\/uploads\/2021\/01\/SLIDE-PAtents.png?id=418) !important;background-position: center !important;background-repeat: no-repeat !important;background-size: cover !important;}&#8221;][vc_column][vc_empty_space height=&#8221;300px&#8221;][\/vc_column][\/vc_row][vc_row full_width=&#8221;stretch_row&#8221;][vc_column width=&#8221;1\/6&#8243;][\/vc_column][vc_column width=&#8221;2\/3&#8243;][vc_column_text] Licen\u00e7a de uso BR [\/vc_column_text][vc_empty_space height=&#8221;10px&#8221;][\/vc_column][vc_column width=&#8221;1\/6&#8243;][\/vc_column][\/vc_row][vc_row full_width=&#8221;stretch_row_content_no_spaces&#8221;][vc_column][vc_tta_tour style=&#8221;flat&#8221; shape=&#8221;square&#8221; color=&#8221;white&#8221; [\u2026]","og_url":"https:\/\/gruppofontana.it\/latam\/licenca-de-uso-br\/","og_site_name":"Latam Gruppo Fontana","article_modified_time":"2021-03-31T12:41:28+00:00","og_image":[{"url":"https:\/\/www.acument.ind.br\/wp-content\/uploads\/2021\/03\/filetto-1.png"}],"twitter_card":"summary_large_image","twitter_misc":{"Tempo di lettura stimato":"6 minuti"},"schema":{"@context":"https:\/\/schema.org","@graph":[{"@type":"WebPage","@id":"https:\/\/gruppofontana.it\/latam\/licenca-de-uso-br\/","url":"https:\/\/gruppofontana.it\/latam\/licenca-de-uso-br\/","name":"LICEN\u00c7A DE USO BR - Latam Gruppo Fontana","isPartOf":{"@id":"https:\/\/gruppofontana.it\/latam\/#website"},"datePublished":"2021-01-05T12:08:00+00:00","dateModified":"2021-03-31T12:41:28+00:00","breadcrumb":{"@id":"https:\/\/gruppofontana.it\/latam\/licenca-de-uso-br\/#breadcrumb"},"inLanguage":"it-IT","potentialAction":[{"@type":"ReadAction","target":["https:\/\/gruppofontana.it\/latam\/licenca-de-uso-br\/"]}]},{"@type":"BreadcrumbList","@id":"https:\/\/gruppofontana.it\/latam\/licenca-de-uso-br\/#breadcrumb","itemListElement":[{"@type":"ListItem","position":1,"name":"Home","item":"https:\/\/gruppofontana.it\/latam\/"},{"@type":"ListItem","position":2,"name":"LICEN\u00c7A DE USO BR"}]},{"@type":"WebSite","@id":"https:\/\/gruppofontana.it\/latam\/#website","url":"https:\/\/gruppofontana.it\/latam\/","name":"Latam Gruppo Fontana","description":"","publisher":{"@id":"https:\/\/gruppofontana.it\/latam\/#organization"},"potentialAction":[{"@type":"SearchAction","target":{"@type":"EntryPoint","urlTemplate":"https:\/\/gruppofontana.it\/latam\/?s={search_term_string}"},"query-input":"required name=search_term_string"}],"inLanguage":"it-IT"},{"@type":"Organization","@id":"https:\/\/gruppofontana.it\/latam\/#organization","name":"Latam Gruppo Fontana","url":"https:\/\/gruppofontana.it\/latam\/","logo":{"@type":"ImageObject","inLanguage":"it-IT","@id":"https:\/\/gruppofontana.it\/latam\/#\/schema\/logo\/image\/","url":"https:\/\/gruppofontana.it\/latam\/wp-content\/uploads\/2024\/07\/cropped-LOGO-FONTANA-SPIRALE-e1741347346578.png","contentUrl":"https:\/\/gruppofontana.it\/latam\/wp-content\/uploads\/2024\/07\/cropped-LOGO-FONTANA-SPIRALE-e1741347346578.png","width":3000,"height":503,"caption":"Latam Gruppo Fontana"},"image":{"@id":"https:\/\/gruppofontana.it\/latam\/#\/schema\/logo\/image\/"}}]}},"_links":{"self":[{"href":"https:\/\/gruppofontana.it\/latam\/wp-json\/wp\/v2\/pages\/148","targetHints":{"allow":["GET"]}}],"collection":[{"href":"https:\/\/gruppofontana.it\/latam\/wp-json\/wp\/v2\/pages"}],"about":[{"href":"https:\/\/gruppofontana.it\/latam\/wp-json\/wp\/v2\/types\/page"}],"author":[{"embeddable":true,"href":"https:\/\/gruppofontana.it\/latam\/wp-json\/wp\/v2\/users\/1"}],"replies":[{"embeddable":true,"href":"https:\/\/gruppofontana.it\/latam\/wp-json\/wp\/v2\/comments?post=148"}],"version-history":[{"count":41,"href":"https:\/\/gruppofontana.it\/latam\/wp-json\/wp\/v2\/pages\/148\/revisions"}],"predecessor-version":[{"id":846,"href":"https:\/\/gruppofontana.it\/latam\/wp-json\/wp\/v2\/pages\/148\/revisions\/846"}],"wp:attachment":[{"href":"https:\/\/gruppofontana.it\/latam\/wp-json\/wp\/v2\/media?parent=148"}],"curies":[{"name":"wp","href":"https:\/\/api.w.org\/{rel}","templated":true}]}}