{"id":3,"date":"2021-01-04T12:06:29","date_gmt":"2021-01-04T12:06:29","guid":{"rendered":"http:\/\/www.acument.ind.br\/?page_id=3"},"modified":"2021-03-31T12:42:05","modified_gmt":"2021-03-31T12:42:05","slug":"privacy-policy","status":"publish","type":"page","link":"https:\/\/gruppofontana.it\/latam\/privacy-policy\/","title":{"rendered":"Privacy Policy"},"content":{"rendered":"<p>[vc_row][vc_column width=&#8221;1\/6&#8243;][\/vc_column][vc_column width=&#8221;2\/3&#8243;][vc_column_text css=&#8221;.vc_custom_1617194515060{border-bottom-width: -136px !important;}&#8221;]<\/p>\n<p style=\"text-align: center; font-family: libre franklin; font-weight: 500; font-size: 20px; color: #149442;\">HOME<\/p>\n<p style=\"text-align: center; font-family: libre franklin; font-weight: 600; font-size: 35px; color: #0b854c;\"><img loading=\"lazy\" decoding=\"async\" class=\"size-medium wp-image-15 aligncenter\" src=\"https:\/\/www.acument.ind.br\/wp-content\/uploads\/2021\/03\/filetto-1.png\" alt=\"\" width=\"300\" height=\"25\" \/><\/p>\n<p>[\/vc_column_text][vc_row_inner css=&#8221;.vc_custom_1614878660981{margin-top: -36px !important;}&#8221;][vc_column_inner width=&#8221;1\/4&#8243;][\/vc_column_inner][vc_column_inner width=&#8221;1\/2&#8243;]<div class=\"hover_box\"><a href=\"http:\/\/www.acument.ind.br\/\" ><div class=\"hover_box_wrapper\"><img loading=\"lazy\" decoding=\"async\" class=\"scale-with-grid visible_photo\" src=\"https:\/\/gruppofontana.it\/latam\/wp-content\/uploads\/2021\/03\/FRECCIA_1-1.png\" alt=\"FRECCIA_1-1\" width=\"684\" height=\"105\"\/><img loading=\"lazy\" decoding=\"async\" class=\"scale-with-grid hidden_photo\" src=\"https:\/\/gruppofontana.it\/latam\/wp-content\/uploads\/2021\/03\/FRECCIA_2-1.png\" alt=\"FRECCIA_2-1\" width=\"684\" height=\"105\"\/><\/div><\/a><\/div>\n[\/vc_column_inner][vc_column_inner width=&#8221;1\/4&#8243;][\/vc_column_inner][\/vc_row_inner][\/vc_column][vc_column width=&#8221;1\/6&#8243;][\/vc_column][\/vc_row][vc_row full_width=&#8221;stretch_row_content_no_spaces&#8221; css=&#8221;.vc_custom_1614878611201{margin-top: -50px !important;background-image: url(https:\/\/gruppofontana.it\/wp-content\/uploads\/2017\/12\/sfondo_home_alternativo.jpg?id=2186) !important;background-position: center !important;background-repeat: no-repeat !important;background-size: cover !important;}&#8221;][vc_column css=&#8221;.vc_custom_1515424245609{margin-top: -100px !important;background-position: center !important;background-repeat: no-repeat !important;background-size: contain !important;}&#8221;][vc_row_inner equal_height=&#8221;yes&#8221;][vc_column_inner width=&#8221;1\/6&#8243;][\/vc_column_inner][vc_column_inner width=&#8221;2\/3&#8243; css=&#8221;.vc_custom_1516979976949{background-color: rgba(255,255,255,0.6) !important;*background-color: rgb(255,255,255) !important;}&#8221;][vc_empty_space height=&#8221;150px&#8221;][vc_column_text]<\/p>\n<p style=\"text-align: center; font-family: libre franklin; font-weight: 500; font-size: 20px; color: #149442;\">TERMOS DE USO DE COOKIES<\/p>\n<p style=\"text-align: center; font-family: libre franklin; font-weight: 600; font-size: 35px; color: #0b854c;\"><img loading=\"lazy\" decoding=\"async\" class=\"size-medium wp-image-15 aligncenter\" src=\"https:\/\/www.acument.ind.br\/wp-content\/uploads\/2021\/03\/filetto-1.png\" alt=\"\" width=\"300\" height=\"25\" \/><\/p>\n<p>[\/vc_column_text][vc_column_text css=&#8221;.vc_custom_1614878914298{margin-right: 30px !important;margin-left: 30px !important;padding-top: 10px !important;padding-right: 20px !important;padding-bottom: 20px !important;padding-left: 20px !important;background-color: #ffffff !important;}&#8221;]<\/p>\n<p style=\"font-family: 'libre franklin'; font-weight: 300; font-size: 14px; color: #161922; text-align: center;\"><strong>O que \u00e9 um cookie?<\/strong><\/p>\n<p style=\"font-family: 'libre franklin'; font-weight: 300; font-size: 14px; color: #161922; text-align: center;\">O cookie \u00e9 um dado gerado pelo site da Acument, transferido para o seu computador e que ser\u00e1 armazenado por programa de navega\u00e7\u00e3o (\u201cBrowsers\u201d).<\/p>\n<p style=\"font-family: 'libre franklin'; font-weight: 300; font-size: 14px; color: #161922; text-align: center;\">Eles s\u00e3o utilizados para otimizar a experi\u00eancia de navega\u00e7\u00e3o neste site, quando autorizados pelo n\u00edvel de seguran\u00e7a configurado por voc\u00ea perante o seu navegador.<\/p>\n<p style=\"font-family: 'libre franklin'; font-weight: 300; font-size: 14px; color: #161922; text-align: center;\">\u00c9 importante frisar que em todas as vezes que o seu navegador estiver configurado nestes termos, os cookies ser\u00e3o utilizados na forma mencionada acima.<\/p>\n<p style=\"font-family: 'libre franklin'; font-weight: 300; font-size: 14px; color: #161922; text-align: center;\"><strong>Por que o cookie \u00e9 utilizado?<\/strong><\/p>\n<p style=\"font-family: 'libre franklin'; font-weight: 300; font-size: 14px; color: #161922; text-align: center;\">O cookie utilizado pelo site da Acument busca identificar as tendencias de navega\u00e7\u00e3o e principais interesses do usu\u00e1rio, como forma de aprimorar e personalizar os pr\u00f3ximos acessos.<\/p>\n<p style=\"font-family: 'libre franklin'; font-weight: 300; font-size: 14px; color: #161922; text-align: center;\">Neste sentido, vale destacar que os cookies n\u00e3o ser\u00e3o utilizados, em nenhuma hip\u00f3tese, para a execu\u00e7\u00e3o de programas ou sequer poder\u00e3o infectar o seu computador atrav\u00e9s de v\u00edrus ou programas maliciosos.<\/p>\n<p style=\"font-family: 'libre franklin'; font-weight: 300; font-size: 14px; color: #161922; text-align: center;\"><strong>Como \u00e9 permitida a instala\u00e7\u00e3o do cookie?<\/strong><\/p>\n<p style=\"font-family: 'libre franklin'; font-weight: 300; font-size: 14px; color: #161922; text-align: center;\">No primeiro acesso ao site, voc\u00ea ser\u00e1 notificado atrav\u00e9s de aviso de texto (\u201cdisclaimer\u201d) referente a pr\u00e1tica de cookies do website da Acument.<\/p>\n<p style=\"font-family: 'libre franklin'; font-weight: 300; font-size: 14px; color: #161922; text-align: center;\">Ainda que o seu navegador esteja configurado para permitir a instala\u00e7\u00e3o de cookies, voc\u00ea pode optar por remov\u00ea-los de forma imediata e assim impedir que novos cookies sejam armazenados, bem como excluir aqueles que j\u00e1 estavam implementados.<\/p>\n<p style=\"font-family: 'libre franklin'; font-weight: 300; font-size: 14px; color: #161922; text-align: center;\">Portanto, \u00e9 recomend\u00e1vel que o usu\u00e1rio configure o seu navegador de acordo com o n\u00edvel de seguran\u00e7a desejado antes de acessar o site da Acument em todos os computadores ou dispositivos que desejar.<\/p>\n<p style=\"font-family: 'libre franklin'; font-weight: 300; font-size: 14px; color: #161922; text-align: center;\"><strong>Como a Acument utiliza o cookie?<\/strong><\/p>\n<p style=\"font-family: 'libre franklin'; font-weight: 300; font-size: 14px; color: #161922; text-align: center;\">Inicialmente, a Acument assegura aos usu\u00e1rios que os cookies por ela utilizados atendem todos os requisitos legais.<\/p>\n<p style=\"font-family: 'libre franklin'; font-weight: 300; font-size: 14px; color: #161922; text-align: center;\">Eles podem ser categorizados da seguinte forma:<\/p>\n<ul>\n<li style=\"font-family: 'libre franklin'; font-weight: 300; font-size: 14px; color: #161922; text-align: center;\"><strong>Cookies estritamente necess\u00e1rios<\/strong>: possibilitam a navega\u00e7\u00e3o e utiliza\u00e7\u00e3o dos recursos b\u00e1sicos, como por exemplo \u00e1reas seguras. Este tipo de cookie n\u00e3o armazena nenhum dado sobre voc\u00ea que possibilite a\u00e7\u00f5es de comunica\u00e7\u00e3o de produtos ou servi\u00e7os, tampouco para identificar p\u00e1ginas j\u00e1 navegadas no site.<\/li>\n<li style=\"font-family: 'libre franklin'; font-weight: 300; font-size: 14px; color: #161922; text-align: center;\">Ele ser\u00e1 destinado a identifica\u00e7\u00e3o do usu\u00e1rio que est\u00e1 conectado ao site da Acument, lembrar\u00e1 informa\u00e7\u00f5es anteriormente digitadas para uso em eventuais formul\u00e1rios e pedidos, assim como certificar\u00e1 o usu\u00e1rio acerca de mudan\u00e7as na forma em que o servi\u00e7o do site funciona.<\/li>\n<li style=\"font-family: 'libre franklin'; font-weight: 300; font-size: 14px; color: #161922; text-align: center;\"><strong>Cookies de desempenho<\/strong>: coletam informa\u00e7\u00f5es sobre a forma de uso do website, como por exemplo as p\u00e1ginas de visita e eventuais erros que podem ter. Nenhum dos dados aqui adquiridos poder\u00e3o identificar o usu\u00e1rio, uma vez que o procedimento \u00e9 realizado de forma codificada, an\u00f4nima e utilizada unicamente para melhorar a navega\u00e7\u00e3o no site.<\/li>\n<li style=\"font-family: 'libre franklin'; font-weight: 300; font-size: 14px; color: #161922; text-align: center;\">Atrav\u00e9s deste cookie, o site obter\u00e1 as estat\u00edsticas de uso do site, verificar\u00e1 a efici\u00eancia da comunica\u00e7\u00e3o, sem utiliz\u00e1-lo para direcionar o usu\u00e1rio a an\u00fancios de produtos ou servi\u00e7os que visitou em outros sites; prestar\u00e1 informa\u00e7\u00f5es aos parceiros da Acument quanto a visita no site dele, t\u00e3o somente com a finalidade de promover melhorias, sem que use as informa\u00e7\u00f5es para fins publicit\u00e1rios ou comerciais; identificar\u00e1 os erros e aperfei\u00e7oar\u00e1 o site de acordo com o comportamento dos usu\u00e1rios.<\/li>\n<li style=\"font-family: 'libre franklin'; font-weight: 300; font-size: 14px; color: #161922; text-align: center;\"><strong>Cookies de funcionalidade:<\/strong> possibilitam o fornecimento de servi\u00e7os, al\u00e9m de lembrar as defini\u00e7\u00f5es de navega\u00e7\u00e3o, a fim de melhorar a visita do usu\u00e1rio.<\/li>\n<li style=\"font-family: 'libre franklin'; font-weight: 300; font-size: 14px; color: #161922; text-align: center;\">Por meio deste cookie o site se recordar\u00e1 as configura\u00e7\u00f5es aplicadas, tais como layout, fonte, prefer\u00eancias e cores; respostas acerca de pesquisas; realiza\u00e7\u00e3o de chats ao vivo para suporte, compartilhamento de dados com parceiros, de modo que a Acument poder\u00e1 oferecer seus servi\u00e7os ou produtos.<\/li>\n<li style=\"font-family: 'libre franklin'; font-weight: 300; font-size: 14px; color: #161922; text-align: center;\"><strong>Cookies de segmenta\u00e7\u00e3o:<\/strong> ligados aos servi\u00e7os prestados a terceiros, como por exemplo bot\u00f5es de \u201clike\u201d e \u201ccompartilhar\u201d constantes em outros sites. Este terceiro fornece servi\u00e7os que permitem o reconhecimento de que voc\u00ea visitou o nosso site, o qual n\u00e3o deve ser confundido com a Acument.<\/li>\n<li style=\"font-family: 'libre franklin'; font-weight: 300; font-size: 14px; color: #161922; text-align: center;\">Estes cookies ser\u00e3o utilizados para conectar as redes sociais, que por serem terceiros desprovidos do nosso controle, poder\u00e3o, em car\u00e1ter eventual, utilizar tais informa\u00e7\u00f5es como forma de direcionar unicamente a publicidade de seu interesse para voc\u00ea em outros sites; fornecer \u00e0s agencias publicit\u00e1rias os dados sobre a sua visita, de modo que apresentar\u00e3o an\u00fancios pertinentes ao seu perfil de navega\u00e7\u00e3o.<\/li>\n<\/ul>\n<p style=\"font-family: 'libre franklin'; font-weight: 300; font-size: 14px; color: #161922; text-align: center;\">Quanto aos cookies acima referidos, o seu uso poder\u00e1 ser controlado diretamente no seu navegador, mas adverte-se que o bloqueio poder\u00e1 impedir o oferecimento de determinados servi\u00e7os, bem como prejudicar a navega\u00e7\u00e3o neste site.<\/p>\n<p style=\"font-family: 'libre franklin'; font-weight: 300; font-size: 14px; color: #161922; text-align: center;\"><strong>Como desativar os cookies?<\/strong><\/p>\n<p style=\"font-family: 'libre franklin'; font-weight: 300; font-size: 14px; color: #161922; text-align: center;\">No geral, a desativa\u00e7\u00e3o dos cookies est\u00e1 presente na \u00e1rea de \u201cop\u00e7\u00f5es\u201d ou \u201cprefer\u00eancias\u201d do navegador. Abaixo consta os links dos navegadores mais utilizados:<\/p>\n<h5 style=\"text-align: center;\">\u25cf <strong>Internet Explorer<\/strong><\/h5>\n<h5 style=\"text-align: center;\">\u25cf <strong>Firefox<\/strong><\/h5>\n<h5 style=\"text-align: center;\">\u25cf <strong>Chrome<\/strong><\/h5>\n<h5 style=\"text-align: center;\">\u25cf <strong>Safari Web e iOS<\/strong><\/h5>\n<p style=\"font-family: 'libre franklin'; font-weight: 300; font-size: 14px; color: #161922; text-align: center;\"><strong>Disposi\u00e7\u00f5es finais<\/strong><\/p>\n<p style=\"text-align: center;\">Adverte-se o usu\u00e1rio quanto a necessidade de verifica\u00e7\u00e3o dos termos de uso dos cookies de todos os sites que navegarem, a fim de informar-se quanto as formas de coleta e tratamento de dados.<\/p>\n<p>[\/vc_column_text][vc_empty_space height=&#8221;90&#8243;][\/vc_column_inner][vc_column_inner width=&#8221;1\/6&#8243;][\/vc_column_inner][\/vc_row_inner][\/vc_column][\/vc_row]<\/p>\n","protected":false},"excerpt":{"rendered":"<p>[vc_row][vc_column width=&#8221;1\/6&#8243;][\/vc_column][vc_column width=&#8221;2\/3&#8243;][vc_column_text css=&#8221;.vc_custom_1617194515060{border-bottom-width: -136px !important;}&#8221;] HOME [\/vc_column_text][vc_row_inner css=&#8221;.vc_custom_1614878660981{margin-top: -36px !important;}&#8221;][vc_column_inner width=&#8221;1\/4&#8243;][\/vc_column_inner][vc_column_inner width=&#8221;1\/2&#8243;][\/vc_column_inner][vc_column_inner width=&#8221;1\/4&#8243;][\/vc_column_inner][\/vc_row_inner][\/vc_column][vc_column width=&#8221;1\/6&#8243;][\/vc_column][\/vc_row][vc_row full_width=&#8221;stretch_row_content_no_spaces&#8221; css=&#8221;.vc_custom_1614878611201{margin-top: -50px !important;background-image: url(https:\/\/gruppofontana.it\/wp-content\/uploads\/2017\/12\/sfondo_home_alternativo.jpg?id=2186) !important;background-position: center !important;background-repeat: no-repeat !important;background-size: cover<span class=\"excerpt-hellip\"> [\u2026]<\/span><\/p>\n","protected":false},"author":1,"featured_media":0,"parent":0,"menu_order":0,"comment_status":"closed","ping_status":"open","template":"","meta":{"footnotes":""},"class_list":["post-3","page","type-page","status-publish","hentry"],"yoast_head":"<!-- This site is optimized with the Yoast SEO plugin v20.1 - https:\/\/yoast.com\/wordpress\/plugins\/seo\/ -->\n<title>Privacy Policy - Latam Gruppo Fontana<\/title>\n<meta name=\"robots\" content=\"index, follow, max-snippet:-1, max-image-preview:large, max-video-preview:-1\" \/>\n<link rel=\"canonical\" href=\"https:\/\/gruppofontana.it\/latam\/privacy-policy\/\" \/>\n<meta property=\"og:locale\" content=\"it_IT\" \/>\n<meta property=\"og:type\" content=\"article\" \/>\n<meta property=\"og:title\" content=\"Privacy Policy - Latam Gruppo Fontana\" \/>\n<meta property=\"og:description\" content=\"[vc_row][vc_column width=&#8221;1\/6&#8243;][\/vc_column][vc_column width=&#8221;2\/3&#8243;][vc_column_text css=&#8221;.vc_custom_1617194515060{border-bottom-width: -136px !important;}&#8221;] HOME [\/vc_column_text][vc_row_inner css=&#8221;.vc_custom_1614878660981{margin-top: -36px !important;}&#8221;][vc_column_inner width=&#8221;1\/4&#8243;][\/vc_column_inner][vc_column_inner width=&#8221;1\/2&#8243;][\/vc_column_inner][vc_column_inner width=&#8221;1\/4&#8243;][\/vc_column_inner][\/vc_row_inner][\/vc_column][vc_column width=&#8221;1\/6&#8243;][\/vc_column][\/vc_row][vc_row full_width=&#8221;stretch_row_content_no_spaces&#8221; css=&#8221;.vc_custom_1614878611201{margin-top: -50px !important;background-image: url(https:\/\/gruppofontana.it\/wp-content\/uploads\/2017\/12\/sfondo_home_alternativo.jpg?id=2186) !important;background-position: center !important;background-repeat: no-repeat !important;background-size: cover [\u2026]\" \/>\n<meta property=\"og:url\" content=\"https:\/\/gruppofontana.it\/latam\/privacy-policy\/\" \/>\n<meta property=\"og:site_name\" content=\"Latam Gruppo Fontana\" \/>\n<meta property=\"article:modified_time\" content=\"2021-03-31T12:42:05+00:00\" \/>\n<meta property=\"og:image\" content=\"https:\/\/www.acument.ind.br\/wp-content\/uploads\/2021\/03\/filetto-1.png\" \/>\n<meta name=\"twitter:card\" content=\"summary_large_image\" \/>\n<meta name=\"twitter:label1\" content=\"Tempo di lettura stimato\" \/>\n\t<meta name=\"twitter:data1\" content=\"5 minuti\" \/>\n<script type=\"application\/ld+json\" class=\"yoast-schema-graph\">{\"@context\":\"https:\/\/schema.org\",\"@graph\":[{\"@type\":\"WebPage\",\"@id\":\"https:\/\/gruppofontana.it\/latam\/privacy-policy\/\",\"url\":\"https:\/\/gruppofontana.it\/latam\/privacy-policy\/\",\"name\":\"Privacy Policy - Latam Gruppo Fontana\",\"isPartOf\":{\"@id\":\"https:\/\/gruppofontana.it\/latam\/#website\"},\"datePublished\":\"2021-01-04T12:06:29+00:00\",\"dateModified\":\"2021-03-31T12:42:05+00:00\",\"breadcrumb\":{\"@id\":\"https:\/\/gruppofontana.it\/latam\/privacy-policy\/#breadcrumb\"},\"inLanguage\":\"it-IT\",\"potentialAction\":[{\"@type\":\"ReadAction\",\"target\":[\"https:\/\/gruppofontana.it\/latam\/privacy-policy\/\"]}]},{\"@type\":\"BreadcrumbList\",\"@id\":\"https:\/\/gruppofontana.it\/latam\/privacy-policy\/#breadcrumb\",\"itemListElement\":[{\"@type\":\"ListItem\",\"position\":1,\"name\":\"Home\",\"item\":\"https:\/\/gruppofontana.it\/latam\/\"},{\"@type\":\"ListItem\",\"position\":2,\"name\":\"Privacy Policy\"}]},{\"@type\":\"WebSite\",\"@id\":\"https:\/\/gruppofontana.it\/latam\/#website\",\"url\":\"https:\/\/gruppofontana.it\/latam\/\",\"name\":\"Latam Gruppo Fontana\",\"description\":\"\",\"publisher\":{\"@id\":\"https:\/\/gruppofontana.it\/latam\/#organization\"},\"potentialAction\":[{\"@type\":\"SearchAction\",\"target\":{\"@type\":\"EntryPoint\",\"urlTemplate\":\"https:\/\/gruppofontana.it\/latam\/?s={search_term_string}\"},\"query-input\":\"required name=search_term_string\"}],\"inLanguage\":\"it-IT\"},{\"@type\":\"Organization\",\"@id\":\"https:\/\/gruppofontana.it\/latam\/#organization\",\"name\":\"Latam Gruppo Fontana\",\"url\":\"https:\/\/gruppofontana.it\/latam\/\",\"logo\":{\"@type\":\"ImageObject\",\"inLanguage\":\"it-IT\",\"@id\":\"https:\/\/gruppofontana.it\/latam\/#\/schema\/logo\/image\/\",\"url\":\"https:\/\/gruppofontana.it\/latam\/wp-content\/uploads\/2024\/07\/cropped-LOGO-FONTANA-SPIRALE-e1741347346578.png\",\"contentUrl\":\"https:\/\/gruppofontana.it\/latam\/wp-content\/uploads\/2024\/07\/cropped-LOGO-FONTANA-SPIRALE-e1741347346578.png\",\"width\":3000,\"height\":503,\"caption\":\"Latam Gruppo Fontana\"},\"image\":{\"@id\":\"https:\/\/gruppofontana.it\/latam\/#\/schema\/logo\/image\/\"}}]}<\/script>\n<!-- \/ Yoast SEO plugin. -->","yoast_head_json":{"title":"Privacy Policy - Latam Gruppo Fontana","robots":{"index":"index","follow":"follow","max-snippet":"max-snippet:-1","max-image-preview":"max-image-preview:large","max-video-preview":"max-video-preview:-1"},"canonical":"https:\/\/gruppofontana.it\/latam\/privacy-policy\/","og_locale":"it_IT","og_type":"article","og_title":"Privacy Policy - Latam Gruppo Fontana","og_description":"[vc_row][vc_column width=&#8221;1\/6&#8243;][\/vc_column][vc_column width=&#8221;2\/3&#8243;][vc_column_text css=&#8221;.vc_custom_1617194515060{border-bottom-width: -136px !important;}&#8221;] HOME [\/vc_column_text][vc_row_inner css=&#8221;.vc_custom_1614878660981{margin-top: -36px !important;}&#8221;][vc_column_inner width=&#8221;1\/4&#8243;][\/vc_column_inner][vc_column_inner width=&#8221;1\/2&#8243;][\/vc_column_inner][vc_column_inner width=&#8221;1\/4&#8243;][\/vc_column_inner][\/vc_row_inner][\/vc_column][vc_column width=&#8221;1\/6&#8243;][\/vc_column][\/vc_row][vc_row full_width=&#8221;stretch_row_content_no_spaces&#8221; css=&#8221;.vc_custom_1614878611201{margin-top: -50px !important;background-image: url(https:\/\/gruppofontana.it\/wp-content\/uploads\/2017\/12\/sfondo_home_alternativo.jpg?id=2186) !important;background-position: center !important;background-repeat: no-repeat !important;background-size: cover [\u2026]","og_url":"https:\/\/gruppofontana.it\/latam\/privacy-policy\/","og_site_name":"Latam Gruppo Fontana","article_modified_time":"2021-03-31T12:42:05+00:00","og_image":[{"url":"https:\/\/www.acument.ind.br\/wp-content\/uploads\/2021\/03\/filetto-1.png"}],"twitter_card":"summary_large_image","twitter_misc":{"Tempo di lettura stimato":"5 minuti"},"schema":{"@context":"https:\/\/schema.org","@graph":[{"@type":"WebPage","@id":"https:\/\/gruppofontana.it\/latam\/privacy-policy\/","url":"https:\/\/gruppofontana.it\/latam\/privacy-policy\/","name":"Privacy Policy - Latam Gruppo Fontana","isPartOf":{"@id":"https:\/\/gruppofontana.it\/latam\/#website"},"datePublished":"2021-01-04T12:06:29+00:00","dateModified":"2021-03-31T12:42:05+00:00","breadcrumb":{"@id":"https:\/\/gruppofontana.it\/latam\/privacy-policy\/#breadcrumb"},"inLanguage":"it-IT","potentialAction":[{"@type":"ReadAction","target":["https:\/\/gruppofontana.it\/latam\/privacy-policy\/"]}]},{"@type":"BreadcrumbList","@id":"https:\/\/gruppofontana.it\/latam\/privacy-policy\/#breadcrumb","itemListElement":[{"@type":"ListItem","position":1,"name":"Home","item":"https:\/\/gruppofontana.it\/latam\/"},{"@type":"ListItem","position":2,"name":"Privacy Policy"}]},{"@type":"WebSite","@id":"https:\/\/gruppofontana.it\/latam\/#website","url":"https:\/\/gruppofontana.it\/latam\/","name":"Latam Gruppo Fontana","description":"","publisher":{"@id":"https:\/\/gruppofontana.it\/latam\/#organization"},"potentialAction":[{"@type":"SearchAction","target":{"@type":"EntryPoint","urlTemplate":"https:\/\/gruppofontana.it\/latam\/?s={search_term_string}"},"query-input":"required name=search_term_string"}],"inLanguage":"it-IT"},{"@type":"Organization","@id":"https:\/\/gruppofontana.it\/latam\/#organization","name":"Latam Gruppo Fontana","url":"https:\/\/gruppofontana.it\/latam\/","logo":{"@type":"ImageObject","inLanguage":"it-IT","@id":"https:\/\/gruppofontana.it\/latam\/#\/schema\/logo\/image\/","url":"https:\/\/gruppofontana.it\/latam\/wp-content\/uploads\/2024\/07\/cropped-LOGO-FONTANA-SPIRALE-e1741347346578.png","contentUrl":"https:\/\/gruppofontana.it\/latam\/wp-content\/uploads\/2024\/07\/cropped-LOGO-FONTANA-SPIRALE-e1741347346578.png","width":3000,"height":503,"caption":"Latam Gruppo Fontana"},"image":{"@id":"https:\/\/gruppofontana.it\/latam\/#\/schema\/logo\/image\/"}}]}},"_links":{"self":[{"href":"https:\/\/gruppofontana.it\/latam\/wp-json\/wp\/v2\/pages\/3","targetHints":{"allow":["GET"]}}],"collection":[{"href":"https:\/\/gruppofontana.it\/latam\/wp-json\/wp\/v2\/pages"}],"about":[{"href":"https:\/\/gruppofontana.it\/latam\/wp-json\/wp\/v2\/types\/page"}],"author":[{"embeddable":true,"href":"https:\/\/gruppofontana.it\/latam\/wp-json\/wp\/v2\/users\/1"}],"replies":[{"embeddable":true,"href":"https:\/\/gruppofontana.it\/latam\/wp-json\/wp\/v2\/comments?post=3"}],"version-history":[{"count":24,"href":"https:\/\/gruppofontana.it\/latam\/wp-json\/wp\/v2\/pages\/3\/revisions"}],"predecessor-version":[{"id":848,"href":"https:\/\/gruppofontana.it\/latam\/wp-json\/wp\/v2\/pages\/3\/revisions\/848"}],"wp:attachment":[{"href":"https:\/\/gruppofontana.it\/latam\/wp-json\/wp\/v2\/media?parent=3"}],"curies":[{"name":"wp","href":"https:\/\/api.w.org\/{rel}","templated":true}]}}