{"id":388,"date":"2021-01-12T09:22:55","date_gmt":"2021-01-12T09:22:55","guid":{"rendered":"http:\/\/www.acument.ind.br\/?page_id=388"},"modified":"2021-03-31T12:41:05","modified_gmt":"2021-03-31T12:41:05","slug":"contato","status":"publish","type":"page","link":"https:\/\/gruppofontana.it\/latam\/contato\/","title":{"rendered":"CONTATO"},"content":{"rendered":"<p>[vc_row full_width=&#8221;stretch_row&#8221; css=&#8221;.vc_custom_1610637500041{background-image: url(http:\/\/www.acument.ind.br\/wp-content\/uploads\/2021\/01\/SLIDE_contato.png?id=439) !important;background-position: center !important;background-repeat: no-repeat !important;background-size: cover !important;}&#8221;][vc_column][vc_empty_space height=&#8221;310px&#8221;][\/vc_column][\/vc_row][vc_row][vc_column width=&#8221;1\/6&#8243;][\/vc_column][vc_column width=&#8221;2\/3&#8243;][vc_column_text]<\/p>\n<p style=\"text-align: center; font-family: libre franklin; font-weight: 500; font-size: 20px; color: #149442;\">CONTATO<\/p>\n<p style=\"text-align: center; font-family: libre franklin; font-weight: 600; font-size: 35px; color: #0b854c;\"><img loading=\"lazy\" decoding=\"async\" class=\"size-medium wp-image-15 aligncenter\" src=\"https:\/\/www.acument.ind.br\/wp-content\/uploads\/2021\/03\/filetto-1.png\" alt=\"\" width=\"300\" height=\"25\" \/><\/p>\n<p>[\/vc_column_text][vc_column_text]<\/p>\n<p style=\"font-family: 'libre franklin'; font-weight: 300; font-size: 14px; color: #161922; text-align: center; line-height: 25px !important;\">Voc\u00ea tem alguma d\u00favida ou curiosidade? Entre em contato conosco atrav\u00e9s dos nossos canais de comunica\u00e7\u00e3o! Ser\u00e1 um prazer lhe atender.<\/p>\n<p>[\/vc_column_text][\/vc_column][vc_column width=&#8221;1\/6&#8243;][\/vc_column][\/vc_row][vc_row full_width=&#8221;stretch_row&#8221; css=&#8221;.vc_custom_1610447699664{border-bottom-width: 5px !important;border-bottom-color: #0b854c !important;border-bottom-style: solid !important;}&#8221;][vc_column][vc_column_text]<\/p>\n<p style=\"font-family: 'libre franklin'; font-weight: 300; font-size: 14px; color: #161922; text-align: center;\">\n<div class=\"wpcf7 no-js\" id=\"wpcf7-f387-o1\" lang=\"it-IT\" dir=\"ltr\">\n<div class=\"screen-reader-response\"><p role=\"status\" aria-live=\"polite\" aria-atomic=\"true\"><\/p> <ul><\/ul><\/div>\n<form action=\"\/latam\/wp-json\/wp\/v2\/pages\/388#wpcf7-f387-o1\" method=\"post\" class=\"wpcf7-form init\" aria-label=\"Modulo di contatto\" novalidate=\"novalidate\" data-status=\"init\">\n<div style=\"display: none;\">\n<input type=\"hidden\" name=\"_wpcf7\" value=\"387\" \/>\n<input type=\"hidden\" name=\"_wpcf7_version\" value=\"5.7.3\" \/>\n<input type=\"hidden\" name=\"_wpcf7_locale\" value=\"it_IT\" \/>\n<input type=\"hidden\" name=\"_wpcf7_unit_tag\" value=\"wpcf7-f387-o1\" \/>\n<input type=\"hidden\" name=\"_wpcf7_container_post\" value=\"0\" \/>\n<input type=\"hidden\" name=\"_wpcf7_posted_data_hash\" value=\"\" \/>\n<\/div>\n<div id=\"responsive-form\" class=\"clearfix\">\n\t<div class=\"form-row\">\n\t\t<div class=\"column-half\">\n\t\t\t<p><label> Nome<br \/>\n<span class=\"wpcf7-form-control-wrap\" data-name=\"Nome\"><input size=\"40\" class=\"wpcf7-form-control wpcf7-text wpcf7-validates-as-required\" aria-required=\"true\" aria-invalid=\"false\" value=\"\" type=\"text\" name=\"Nome\" \/><\/span> <\/label>\n\t\t\t<\/p>\n\t\t<\/div>\n\t\t<div class=\"column-half\">\n\t\t\t<p><label> Empresa<br \/>\n<span class=\"wpcf7-form-control-wrap\" data-name=\"Empresa\"><input size=\"40\" class=\"wpcf7-form-control wpcf7-text wpcf7-validates-as-required Empresa\" id=\"Empresa\" aria-required=\"true\" aria-invalid=\"false\" value=\"\" type=\"text\" name=\"Empresa\" \/><\/span> <\/label>\n\t\t\t<\/p>\n\t\t<\/div>\n\t<\/div>\n\t<div class=\"column-half\">\n\t\t<p><label> E-mail<br \/>\n<span class=\"wpcf7-form-control-wrap\" data-name=\"email\"><input size=\"40\" class=\"wpcf7-form-control wpcf7-text wpcf7-email wpcf7-validates-as-required wpcf7-validates-as-email email\" id=\"email\" aria-required=\"true\" aria-invalid=\"false\" value=\"\" type=\"email\" name=\"email\" \/><\/span><br \/>\n<\/label>\n\t\t<\/p>\n\t<\/div>\n\t<div class=\"column-half\">\n\t\t<p><label>Telefone<br \/>\n<span class=\"wpcf7-form-control-wrap\" data-name=\"Telefone\"><input class=\"wpcf7-form-control wpcf7-number wpcf7-validates-as-number\" aria-invalid=\"false\" value=\"Telefone\" type=\"number\" name=\"Telefone\" \/><\/span><\/label>\n\t\t<\/p>\n\t<\/div>\n<\/div>\n<div class=\"form-row\">\n\t<div class=\"column-half\">\n\t\t<p><label> Pa\u00eds<br \/>\n<span class=\"wpcf7-form-control-wrap\" data-name=\"Pas\"><input size=\"40\" class=\"wpcf7-form-control wpcf7-text wpcf7-validates-as-required Pas\" id=\"Pas\" aria-required=\"true\" aria-invalid=\"false\" value=\"\" type=\"text\" name=\"Pas\" \/><\/span><\/label>\n\t\t<\/p>\n\t<\/div>\n\t<div class=\"column-half\">\n\t\t<p><label> Estado<br \/>\n<span class=\"wpcf7-form-control-wrap\" data-name=\"Estado\"><input size=\"40\" class=\"wpcf7-form-control wpcf7-text wpcf7-validates-as-required Estado\" id=\"Estado\" aria-required=\"true\" aria-invalid=\"false\" value=\"\" type=\"text\" name=\"Estado\" \/><\/span> <\/label>\n\t\t<\/p>\n\t<\/div>\n<\/div>\n<div class=\"form-row\">\n\t<div class=\"column-half\">\n\t\t<p><label> Cidade<br \/>\n<span class=\"wpcf7-form-control-wrap\" data-name=\"Cidade\"><input size=\"40\" class=\"wpcf7-form-control wpcf7-text wpcf7-validates-as-required Cidade\" id=\"Cidade\" aria-required=\"true\" aria-invalid=\"false\" value=\"\" type=\"text\" name=\"Cidade\" \/><\/span><\/label>\n\t\t<\/p>\n\t<\/div>\n\t<div class=\"column-half\">\n\t\t<p><label> Departamento de Interesse<br \/>\n<span class=\"wpcf7-form-control-wrap\" data-name=\"DepartamentodeInteresse\"><select class=\"wpcf7-form-control wpcf7-select wpcf7-validates-as-required\" aria-required=\"true\" aria-invalid=\"false\" name=\"DepartamentodeInteresse\"><option value=\"\"><\/option><option value=\"Marketing\">Marketing<\/option><option value=\"Vendas\">Vendas<\/option><option value=\"Compras\">Compras<\/option><option value=\"Atendimento ao Cliente\">Atendimento ao Cliente<\/option><\/select><\/span><\/label>\n\t\t<\/p>\n\t<\/div>\n<\/div>\n<div class=\"form-row\">\n\t<div class=\"column-full\">\n\t\t<p><label> Mensagem<br \/>\n<span class=\"wpcf7-form-control-wrap\" data-name=\"Mensagem\"><textarea cols=\"40\" rows=\"10\" class=\"wpcf7-form-control wpcf7-textarea wpcf7-validates-as-required Mensagem\" aria-required=\"true\" aria-invalid=\"false\" name=\"Mensagem\"><\/textarea><\/span><\/label>\n\t\t<\/p>\n\t<\/div>\n<\/div>\n<div class=\"form-row\">\n\t<div class=\"column-full\">\n\t\t<p><span class=\"wpcf7-form-control-wrap\" data-name=\"privacy\"><span class=\"wpcf7-form-control wpcf7-acceptance\"><span class=\"wpcf7-list-item\"><label><input type=\"checkbox\" name=\"privacy\" value=\"1\" aria-invalid=\"false\" \/><span class=\"wpcf7-list-item-label\"><span style=\"font-family: 'libre franklin'; font-weight: 300; font-size: 14px; color: #161922; text-align: center;\">N\u00f3s usamos cookies e outras tecnologias semelhantes para melhorar a sua experi\u00eancia em nossos servi\u00e7os, como forma de personalizar a publicidade e assim recomendar o conte\u00fado de seu interesse. Ao utilizar nossos servi\u00e7os, voc\u00ea concorda com tal monitoramento. Para mais informa\u00e7\u00f5es, voc\u00ea pode acessar a nossa<a href=\"http:\/\/www.acument.ind.br\/privacy-policy\/\" target=\"_blank\" rel=\"noopener\">\u00a0<i>Pol\u00edtica de Privacidade.<\/i><\/a><\/span><\/span><\/label><\/span><\/span><\/span>\n\t\t<\/p>\n\t<\/div>\n<\/div>\n<div class=\"form-row\">\n\t<div class=\"column-full\">\n\t\t<p><input class=\"wpcf7-form-control has-spinner wpcf7-submit bottonesend\" type=\"submit\" value=\"ENVIO\" \/>\n\t\t<\/p>\n\t<\/div>\n<\/div><div class=\"wpcf7-response-output\" aria-hidden=\"true\"><\/div>\n<\/form>\n<\/div>\n<p>[\/vc_column_text][\/vc_column][\/vc_row]<\/p>\n","protected":false},"excerpt":{"rendered":"<p>[vc_row full_width=&#8221;stretch_row&#8221; css=&#8221;.vc_custom_1610637500041{background-image: url(http:\/\/www.acument.ind.br\/wp-content\/uploads\/2021\/01\/SLIDE_contato.png?id=439) !important;background-position: center !important;background-repeat: no-repeat !important;background-size: cover !important;}&#8221;][vc_column][vc_empty_space height=&#8221;310px&#8221;][\/vc_column][\/vc_row][vc_row][vc_column width=&#8221;1\/6&#8243;][\/vc_column][vc_column width=&#8221;2\/3&#8243;][vc_column_text] CONTATO [\/vc_column_text][vc_column_text] Voc\u00ea tem alguma d\u00favida ou curiosidade? Entre em contato conosco<span class=\"excerpt-hellip\"> [\u2026]<\/span><\/p>\n","protected":false},"author":1,"featured_media":0,"parent":0,"menu_order":0,"comment_status":"closed","ping_status":"closed","template":"","meta":{"footnotes":""},"class_list":["post-388","page","type-page","status-publish","hentry"],"yoast_head":"<!-- This site is optimized with the Yoast SEO plugin v20.1 - https:\/\/yoast.com\/wordpress\/plugins\/seo\/ -->\n<title>CONTATO - Latam Gruppo Fontana<\/title>\n<meta name=\"robots\" content=\"index, follow, max-snippet:-1, max-image-preview:large, max-video-preview:-1\" \/>\n<link rel=\"canonical\" href=\"https:\/\/gruppofontana.it\/latam\/contato\/\" \/>\n<meta property=\"og:locale\" content=\"it_IT\" \/>\n<meta property=\"og:type\" content=\"article\" \/>\n<meta property=\"og:title\" content=\"CONTATO - Latam Gruppo Fontana\" \/>\n<meta property=\"og:description\" content=\"[vc_row full_width=&#8221;stretch_row&#8221; css=&#8221;.vc_custom_1610637500041{background-image: url(http:\/\/www.acument.ind.br\/wp-content\/uploads\/2021\/01\/SLIDE_contato.png?id=439) !important;background-position: center !important;background-repeat: no-repeat !important;background-size: cover !important;}&#8221;][vc_column][vc_empty_space height=&#8221;310px&#8221;][\/vc_column][\/vc_row][vc_row][vc_column width=&#8221;1\/6&#8243;][\/vc_column][vc_column width=&#8221;2\/3&#8243;][vc_column_text] CONTATO [\/vc_column_text][vc_column_text] Voc\u00ea tem alguma d\u00favida ou curiosidade? Entre em contato conosco [\u2026]\" \/>\n<meta property=\"og:url\" content=\"https:\/\/gruppofontana.it\/latam\/contato\/\" \/>\n<meta property=\"og:site_name\" content=\"Latam Gruppo Fontana\" \/>\n<meta property=\"article:modified_time\" content=\"2021-03-31T12:41:05+00:00\" \/>\n<meta property=\"og:image\" content=\"https:\/\/www.acument.ind.br\/wp-content\/uploads\/2021\/03\/filetto-1.png\" \/>\n<meta name=\"twitter:card\" content=\"summary_large_image\" \/>\n<meta name=\"twitter:label1\" content=\"Tempo di lettura stimato\" \/>\n\t<meta name=\"twitter:data1\" content=\"1 minuto\" \/>\n<script type=\"application\/ld+json\" class=\"yoast-schema-graph\">{\"@context\":\"https:\/\/schema.org\",\"@graph\":[{\"@type\":\"WebPage\",\"@id\":\"https:\/\/gruppofontana.it\/latam\/contato\/\",\"url\":\"https:\/\/gruppofontana.it\/latam\/contato\/\",\"name\":\"CONTATO - Latam Gruppo Fontana\",\"isPartOf\":{\"@id\":\"https:\/\/gruppofontana.it\/latam\/#website\"},\"datePublished\":\"2021-01-12T09:22:55+00:00\",\"dateModified\":\"2021-03-31T12:41:05+00:00\",\"breadcrumb\":{\"@id\":\"https:\/\/gruppofontana.it\/latam\/contato\/#breadcrumb\"},\"inLanguage\":\"it-IT\",\"potentialAction\":[{\"@type\":\"ReadAction\",\"target\":[\"https:\/\/gruppofontana.it\/latam\/contato\/\"]}]},{\"@type\":\"BreadcrumbList\",\"@id\":\"https:\/\/gruppofontana.it\/latam\/contato\/#breadcrumb\",\"itemListElement\":[{\"@type\":\"ListItem\",\"position\":1,\"name\":\"Home\",\"item\":\"https:\/\/gruppofontana.it\/latam\/\"},{\"@type\":\"ListItem\",\"position\":2,\"name\":\"CONTATO\"}]},{\"@type\":\"WebSite\",\"@id\":\"https:\/\/gruppofontana.it\/latam\/#website\",\"url\":\"https:\/\/gruppofontana.it\/latam\/\",\"name\":\"Latam Gruppo Fontana\",\"description\":\"\",\"publisher\":{\"@id\":\"https:\/\/gruppofontana.it\/latam\/#organization\"},\"potentialAction\":[{\"@type\":\"SearchAction\",\"target\":{\"@type\":\"EntryPoint\",\"urlTemplate\":\"https:\/\/gruppofontana.it\/latam\/?s={search_term_string}\"},\"query-input\":\"required name=search_term_string\"}],\"inLanguage\":\"it-IT\"},{\"@type\":\"Organization\",\"@id\":\"https:\/\/gruppofontana.it\/latam\/#organization\",\"name\":\"Latam Gruppo Fontana\",\"url\":\"https:\/\/gruppofontana.it\/latam\/\",\"logo\":{\"@type\":\"ImageObject\",\"inLanguage\":\"it-IT\",\"@id\":\"https:\/\/gruppofontana.it\/latam\/#\/schema\/logo\/image\/\",\"url\":\"https:\/\/gruppofontana.it\/latam\/wp-content\/uploads\/2024\/07\/cropped-LOGO-FONTANA-SPIRALE-e1741347346578.png\",\"contentUrl\":\"https:\/\/gruppofontana.it\/latam\/wp-content\/uploads\/2024\/07\/cropped-LOGO-FONTANA-SPIRALE-e1741347346578.png\",\"width\":3000,\"height\":503,\"caption\":\"Latam Gruppo Fontana\"},\"image\":{\"@id\":\"https:\/\/gruppofontana.it\/latam\/#\/schema\/logo\/image\/\"}}]}<\/script>\n<!-- \/ Yoast SEO plugin. -->","yoast_head_json":{"title":"CONTATO - Latam Gruppo Fontana","robots":{"index":"index","follow":"follow","max-snippet":"max-snippet:-1","max-image-preview":"max-image-preview:large","max-video-preview":"max-video-preview:-1"},"canonical":"https:\/\/gruppofontana.it\/latam\/contato\/","og_locale":"it_IT","og_type":"article","og_title":"CONTATO - Latam Gruppo Fontana","og_description":"[vc_row full_width=&#8221;stretch_row&#8221; css=&#8221;.vc_custom_1610637500041{background-image: url(http:\/\/www.acument.ind.br\/wp-content\/uploads\/2021\/01\/SLIDE_contato.png?id=439) !important;background-position: center !important;background-repeat: no-repeat !important;background-size: cover !important;}&#8221;][vc_column][vc_empty_space height=&#8221;310px&#8221;][\/vc_column][\/vc_row][vc_row][vc_column width=&#8221;1\/6&#8243;][\/vc_column][vc_column width=&#8221;2\/3&#8243;][vc_column_text] CONTATO [\/vc_column_text][vc_column_text] Voc\u00ea tem alguma d\u00favida ou curiosidade? Entre em contato conosco [\u2026]","og_url":"https:\/\/gruppofontana.it\/latam\/contato\/","og_site_name":"Latam Gruppo Fontana","article_modified_time":"2021-03-31T12:41:05+00:00","og_image":[{"url":"https:\/\/www.acument.ind.br\/wp-content\/uploads\/2021\/03\/filetto-1.png"}],"twitter_card":"summary_large_image","twitter_misc":{"Tempo di lettura stimato":"1 minuto"},"schema":{"@context":"https:\/\/schema.org","@graph":[{"@type":"WebPage","@id":"https:\/\/gruppofontana.it\/latam\/contato\/","url":"https:\/\/gruppofontana.it\/latam\/contato\/","name":"CONTATO - Latam Gruppo Fontana","isPartOf":{"@id":"https:\/\/gruppofontana.it\/latam\/#website"},"datePublished":"2021-01-12T09:22:55+00:00","dateModified":"2021-03-31T12:41:05+00:00","breadcrumb":{"@id":"https:\/\/gruppofontana.it\/latam\/contato\/#breadcrumb"},"inLanguage":"it-IT","potentialAction":[{"@type":"ReadAction","target":["https:\/\/gruppofontana.it\/latam\/contato\/"]}]},{"@type":"BreadcrumbList","@id":"https:\/\/gruppofontana.it\/latam\/contato\/#breadcrumb","itemListElement":[{"@type":"ListItem","position":1,"name":"Home","item":"https:\/\/gruppofontana.it\/latam\/"},{"@type":"ListItem","position":2,"name":"CONTATO"}]},{"@type":"WebSite","@id":"https:\/\/gruppofontana.it\/latam\/#website","url":"https:\/\/gruppofontana.it\/latam\/","name":"Latam Gruppo Fontana","description":"","publisher":{"@id":"https:\/\/gruppofontana.it\/latam\/#organization"},"potentialAction":[{"@type":"SearchAction","target":{"@type":"EntryPoint","urlTemplate":"https:\/\/gruppofontana.it\/latam\/?s={search_term_string}"},"query-input":"required name=search_term_string"}],"inLanguage":"it-IT"},{"@type":"Organization","@id":"https:\/\/gruppofontana.it\/latam\/#organization","name":"Latam Gruppo Fontana","url":"https:\/\/gruppofontana.it\/latam\/","logo":{"@type":"ImageObject","inLanguage":"it-IT","@id":"https:\/\/gruppofontana.it\/latam\/#\/schema\/logo\/image\/","url":"https:\/\/gruppofontana.it\/latam\/wp-content\/uploads\/2024\/07\/cropped-LOGO-FONTANA-SPIRALE-e1741347346578.png","contentUrl":"https:\/\/gruppofontana.it\/latam\/wp-content\/uploads\/2024\/07\/cropped-LOGO-FONTANA-SPIRALE-e1741347346578.png","width":3000,"height":503,"caption":"Latam Gruppo Fontana"},"image":{"@id":"https:\/\/gruppofontana.it\/latam\/#\/schema\/logo\/image\/"}}]}},"_links":{"self":[{"href":"https:\/\/gruppofontana.it\/latam\/wp-json\/wp\/v2\/pages\/388","targetHints":{"allow":["GET"]}}],"collection":[{"href":"https:\/\/gruppofontana.it\/latam\/wp-json\/wp\/v2\/pages"}],"about":[{"href":"https:\/\/gruppofontana.it\/latam\/wp-json\/wp\/v2\/types\/page"}],"author":[{"embeddable":true,"href":"https:\/\/gruppofontana.it\/latam\/wp-json\/wp\/v2\/users\/1"}],"replies":[{"embeddable":true,"href":"https:\/\/gruppofontana.it\/latam\/wp-json\/wp\/v2\/comments?post=388"}],"version-history":[{"count":12,"href":"https:\/\/gruppofontana.it\/latam\/wp-json\/wp\/v2\/pages\/388\/revisions"}],"predecessor-version":[{"id":844,"href":"https:\/\/gruppofontana.it\/latam\/wp-json\/wp\/v2\/pages\/388\/revisions\/844"}],"wp:attachment":[{"href":"https:\/\/gruppofontana.it\/latam\/wp-json\/wp\/v2\/media?parent=388"}],"curies":[{"name":"wp","href":"https:\/\/api.w.org\/{rel}","templated":true}]}}