{"id":40,"date":"2021-01-04T15:15:59","date_gmt":"2021-01-04T15:15:59","guid":{"rendered":"http:\/\/www.acument.ind.br\/?page_id=40"},"modified":"2026-01-16T14:10:45","modified_gmt":"2026-01-16T14:10:45","slug":"sobre-nos","status":"publish","type":"page","link":"https:\/\/gruppofontana.it\/latam\/sobre-nos\/","title":{"rendered":"SOBRE N\u00d3S"},"content":{"rendered":"<p>[vc_row full_width=&#8221;stretch_row&#8221; css=&#8221;.vc_custom_1610038921231{background-image: url(http:\/\/www.acument.ind.br\/wp-content\/uploads\/2021\/01\/SLIDE-ABOUT-2.png?id=276) !important;background-position: center !important;background-repeat: no-repeat !important;background-size: cover !important;}&#8221;][vc_column][vc_empty_space height=&#8221;300px&#8221;][\/vc_column][\/vc_row][vc_row full_width=&#8221;stretch_row&#8221; css=&#8221;.vc_custom_1609775193836{border-bottom-width: 5px !important;border-bottom-color: #0b854c !important;border-bottom-style: solid !important;}&#8221;][vc_column][vc_row_inner][vc_column_inner width=&#8221;1\/6&#8243;][\/vc_column_inner][vc_column_inner width=&#8221;2\/3&#8243;][vc_column_text]<\/p>\n<p style=\"text-align: center; font-family: libre franklin; font-weight: 500; font-size: 20px; color: #149442;\">NOSSA H\u00cdSTORIA<\/p>\n<p style=\"text-align: center; font-family: libre franklin; font-weight: 600; font-size: 35px; color: #0b854c;\"><img loading=\"lazy\" decoding=\"async\" class=\"size-medium wp-image-15 aligncenter\" src=\"https:\/\/www.acument.ind.br\/wp-content\/uploads\/2021\/03\/filetto-1.png\" alt=\"\" width=\"300\" height=\"25\" \/><\/p>\n<p>[\/vc_column_text][vc_column_text]<\/p>\n<p style=\"font-family: 'libre franklin'; font-weight: 300; font-size: 14px; color: #161922; text-align: center;\">Fundada na capital paulista em 1943, pelo empres\u00e1rio Alfredo Fuchs, a empresa nasceu como Mapri. Em 2008\u00a0\u00a0incorporada pela Platinum Equity, uma multinacional americana que atua na aquisi\u00e7\u00e3o e gest\u00e3o estrat\u00e9gica de empresas de alta tecnologia, nomeou a &#8220;Acument&#8221;, como um dos mais avan\u00e7ados padr\u00f5es de qualidade em sistemas de fixa\u00e7\u00e3o da Am\u00e9rica Latina. 2014 por\u00e9m marca o in\u00edcio de uma grande renova\u00e7\u00e3o da Acument ao ser adquirida pelo Fontana Gruppo, uma empresa industrial italiana, l\u00edder mundial no fornecimento de sistemas de fixa\u00e7\u00e3o (Automotivo). A soma de habilidades e a amplia\u00e7\u00e3o da capacidade em oferecer aos clientes as melhores solu\u00e7\u00f5es em fixa\u00e7\u00e3o mostram a for\u00e7a que o Fontana Gruppo traz na consolida\u00e7\u00e3o do compromisso com a qualidade de seus produtos e servi\u00e7os, sem abrir m\u00e3o da competitividade exigida pelo mercado automotivo.<\/p>\n<p>[\/vc_column_text][vc_column_text]<\/p>\n<p style=\"font-family: 'libre franklin'; font-weight: 300; font-size: 14px; color: #0b854c; text-align: center;\">Atualmente, s\u00e3o tr\u00eas unidades fabris no Brasil, localizadas em:<\/p>\n<div><\/div>\n<p>[\/vc_column_text][\/vc_column_inner][vc_column_inner width=&#8221;1\/6&#8243;][\/vc_column_inner][\/vc_row_inner][vc_empty_space height=&#8221;10px&#8221;][vc_row_inner][vc_column_inner width=&#8221;1\/3&#8243;][vc_single_image image=&#8221;1552&#8243; img_size=&#8221;medium&#8221; alignment=&#8221;center&#8221; css=&#8221;.vc_custom_1768558245461{margin-bottom: -15px !important;}&#8221;][vc_column_text css=&#8221;.vc_custom_1628257675180{margin-bottom: -0px !important;}&#8221;]<\/p>\n<p style=\"text-align: center; font-family: libre franklin; font-weight: 600; font-size: 20px; color: #444444;\">Unidade de S\u00e3o Paulo<\/p>\n<p>[\/vc_column_text][vc_column_text]<\/p>\n<p style=\"font-family: 'libre franklin'; font-weight: 300; font-size: 14px; color: #161922; text-align: center;\">Rod. Dom Pedro I, Km 87, Sa\u00edda 87 s\/n<br \/>\nCond. Bar\u00e3o de Mau\u00e1, Edif. Fernando Pessoa,<br \/>\nAnexo 42 a 49<br \/>\nPonte Alta &#8211; ATIBAIA &#8211; SP<br \/>\nCEP 12954 &#8211; 260<\/p>\n<p>[\/vc_column_text][\/vc_column_inner][vc_column_inner width=&#8221;1\/3&#8243;][vc_single_image image=&#8221;1546&#8243; img_size=&#8221;medium&#8221; alignment=&#8221;center&#8221; css=&#8221;.vc_custom_1768556227145{margin-bottom: -15px !important;}&#8221;][vc_column_text css=&#8221;.vc_custom_1628257679408{margin-bottom: -0px !important;}&#8221;]<\/p>\n<p style=\"text-align: center; font-family: libre franklin; font-weight: 600; font-size: 20px; color: #444444;\">Unidade de Contagem<\/p>\n<p>[\/vc_column_text][vc_column_text]<\/p>\n<p style=\"font-family: 'libre franklin'; font-weight: 300; font-size: 14px; color: #161922; text-align: center;\">Rua Trajano de Ara\u00fajo Vianna. n\u00b0 1177<br \/>\nContagem &#8211; MG<br \/>\nCEP 32010 &#8211; 090<\/p>\n<p>[\/vc_column_text][\/vc_column_inner][vc_column_inner width=&#8221;1\/3&#8243;][vc_single_image image=&#8221;1550&#8243; img_size=&#8221;medium&#8221; alignment=&#8221;center&#8221; css=&#8221;.vc_custom_1768556737247{margin-bottom: -15px !important;}&#8221;][vc_column_text css=&#8221;.vc_custom_1768496343102{margin-bottom: -0px !important;}&#8221;]<\/p>\n<p style=\"text-align: center; font-family: libre franklin; font-weight: 600; font-size: 20px; color: #444444;\">Unidade de Mexico<\/p>\n<p>[\/vc_column_text][vc_column_text]<\/p>\n<p style=\"font-family: 'libre franklin'; font-weight: 300; font-size: 14px; color: #161922; text-align: center;\">Titanio 140<br \/>\nSanta Catarina Industrial Park<br \/>\nSanta Catarina Nuevo Leon 66367 Mexico<\/p>\n<p>[\/vc_column_text][\/vc_column_inner][\/vc_row_inner][vc_empty_space height=&#8221;10px&#8221;][vc_row_inner][vc_column_inner width=&#8221;1\/6&#8243;][\/vc_column_inner][vc_column_inner width=&#8221;2\/3&#8243;][vc_column_text]<\/p>\n<p style=\"text-align: center; font-family: libre franklin; font-weight: 500; font-size: 20px; color: #149442;\">FONTANA GRUPPO<\/p>\n<p style=\"text-align: center; font-family: libre franklin; font-weight: 600; font-size: 35px; color: #0b854c;\"><img loading=\"lazy\" decoding=\"async\" class=\"size-medium wp-image-15 aligncenter\" src=\"https:\/\/www.acument.ind.br\/wp-content\/uploads\/2021\/03\/filetto-1.png\" alt=\"\" width=\"300\" height=\"25\" \/><\/p>\n<p>[\/vc_column_text][vc_column_text]<\/p>\n<p style=\"font-family: 'libre franklin'; font-weight: 300; font-size: 14px; color: #161922; text-align: center;\">Fundada em 1952 em Veduggio con Colzano (MB), \u00e9 l\u00edder mundial em fixadores de alta qualidade. Est\u00e1 presente com 32 filiais e 26 unidades produtivas na Europa, nas Am\u00e9ricas e na \u00cdndia. Emprega mais de 6.000 pessoas, com um volume de neg\u00f3cios de 1,3 mil milh\u00f5es de euros. Com 3 centros de investiga\u00e7\u00e3o em todo o mundo e mais de 200 patentes, sempre prestou especial aten\u00e7\u00e3o \u00e0 I&amp;D e ao desenvolvimento de produtos de elevada qualidade para cada tipo de aplica\u00e7\u00e3o.<\/p>\n<p style=\"font-family: 'libre franklin'; font-weight: 300; font-size: 14px; color: #161922; text-align: center;\"><a href=\"https:\/\/gruppofontana.it\/?lang=en\" target=\"_blank\" rel=\"noopener\">www.gruppofontana.it<\/a><\/p>\n<p>[\/vc_column_text][\/vc_column_inner][vc_column_inner width=&#8221;1\/6&#8243;][\/vc_column_inner][\/vc_row_inner][\/vc_column][\/vc_row]<\/p>\n","protected":false},"excerpt":{"rendered":"<p>[vc_row full_width=&#8221;stretch_row&#8221; css=&#8221;.vc_custom_1610038921231{background-image: url(http:\/\/www.acument.ind.br\/wp-content\/uploads\/2021\/01\/SLIDE-ABOUT-2.png?id=276) !important;background-position: center !important;background-repeat: no-repeat !important;background-size: cover !important;}&#8221;][vc_column][vc_empty_space height=&#8221;300px&#8221;][\/vc_column][\/vc_row][vc_row full_width=&#8221;stretch_row&#8221; css=&#8221;.vc_custom_1609775193836{border-bottom-width: 5px !important;border-bottom-color: #0b854c !important;border-bottom-style: solid !important;}&#8221;][vc_column][vc_row_inner][vc_column_inner width=&#8221;1\/6&#8243;][\/vc_column_inner][vc_column_inner width=&#8221;2\/3&#8243;][vc_column_text] NOSSA H\u00cdSTORIA [\/vc_column_text][vc_column_text] Fundada<span class=\"excerpt-hellip\"> [\u2026]<\/span><\/p>\n","protected":false},"author":1,"featured_media":0,"parent":0,"menu_order":0,"comment_status":"closed","ping_status":"closed","template":"","meta":{"footnotes":""},"class_list":["post-40","page","type-page","status-publish","hentry"],"yoast_head":"<!-- This site is optimized with the Yoast SEO plugin v20.1 - https:\/\/yoast.com\/wordpress\/plugins\/seo\/ -->\n<title>SOBRE N\u00d3S - Latam Gruppo Fontana<\/title>\n<meta name=\"robots\" content=\"index, follow, max-snippet:-1, max-image-preview:large, max-video-preview:-1\" \/>\n<link rel=\"canonical\" href=\"https:\/\/gruppofontana.it\/latam\/sobre-nos\/\" \/>\n<meta property=\"og:locale\" content=\"it_IT\" \/>\n<meta property=\"og:type\" content=\"article\" \/>\n<meta property=\"og:title\" content=\"SOBRE N\u00d3S - Latam Gruppo Fontana\" \/>\n<meta property=\"og:description\" content=\"[vc_row full_width=&#8221;stretch_row&#8221; css=&#8221;.vc_custom_1610038921231{background-image: url(http:\/\/www.acument.ind.br\/wp-content\/uploads\/2021\/01\/SLIDE-ABOUT-2.png?id=276) !important;background-position: center !important;background-repeat: no-repeat !important;background-size: cover !important;}&#8221;][vc_column][vc_empty_space height=&#8221;300px&#8221;][\/vc_column][\/vc_row][vc_row full_width=&#8221;stretch_row&#8221; css=&#8221;.vc_custom_1609775193836{border-bottom-width: 5px !important;border-bottom-color: #0b854c !important;border-bottom-style: solid !important;}&#8221;][vc_column][vc_row_inner][vc_column_inner width=&#8221;1\/6&#8243;][\/vc_column_inner][vc_column_inner width=&#8221;2\/3&#8243;][vc_column_text] NOSSA H\u00cdSTORIA [\/vc_column_text][vc_column_text] Fundada [\u2026]\" \/>\n<meta property=\"og:url\" content=\"https:\/\/gruppofontana.it\/latam\/sobre-nos\/\" \/>\n<meta property=\"og:site_name\" content=\"Latam Gruppo Fontana\" \/>\n<meta property=\"article:modified_time\" content=\"2026-01-16T14:10:45+00:00\" \/>\n<meta property=\"og:image\" content=\"https:\/\/www.acument.ind.br\/wp-content\/uploads\/2021\/03\/filetto-1.png\" \/>\n<meta name=\"twitter:card\" content=\"summary_large_image\" \/>\n<meta name=\"twitter:label1\" content=\"Tempo di lettura stimato\" \/>\n\t<meta name=\"twitter:data1\" content=\"3 minuti\" \/>\n<script type=\"application\/ld+json\" class=\"yoast-schema-graph\">{\"@context\":\"https:\/\/schema.org\",\"@graph\":[{\"@type\":\"WebPage\",\"@id\":\"https:\/\/gruppofontana.it\/latam\/sobre-nos\/\",\"url\":\"https:\/\/gruppofontana.it\/latam\/sobre-nos\/\",\"name\":\"SOBRE N\u00d3S - Latam Gruppo Fontana\",\"isPartOf\":{\"@id\":\"https:\/\/gruppofontana.it\/latam\/#website\"},\"datePublished\":\"2021-01-04T15:15:59+00:00\",\"dateModified\":\"2026-01-16T14:10:45+00:00\",\"breadcrumb\":{\"@id\":\"https:\/\/gruppofontana.it\/latam\/sobre-nos\/#breadcrumb\"},\"inLanguage\":\"it-IT\",\"potentialAction\":[{\"@type\":\"ReadAction\",\"target\":[\"https:\/\/gruppofontana.it\/latam\/sobre-nos\/\"]}]},{\"@type\":\"BreadcrumbList\",\"@id\":\"https:\/\/gruppofontana.it\/latam\/sobre-nos\/#breadcrumb\",\"itemListElement\":[{\"@type\":\"ListItem\",\"position\":1,\"name\":\"Home\",\"item\":\"https:\/\/gruppofontana.it\/latam\/\"},{\"@type\":\"ListItem\",\"position\":2,\"name\":\"SOBRE N\u00d3S\"}]},{\"@type\":\"WebSite\",\"@id\":\"https:\/\/gruppofontana.it\/latam\/#website\",\"url\":\"https:\/\/gruppofontana.it\/latam\/\",\"name\":\"Latam Gruppo Fontana\",\"description\":\"\",\"publisher\":{\"@id\":\"https:\/\/gruppofontana.it\/latam\/#organization\"},\"potentialAction\":[{\"@type\":\"SearchAction\",\"target\":{\"@type\":\"EntryPoint\",\"urlTemplate\":\"https:\/\/gruppofontana.it\/latam\/?s={search_term_string}\"},\"query-input\":\"required name=search_term_string\"}],\"inLanguage\":\"it-IT\"},{\"@type\":\"Organization\",\"@id\":\"https:\/\/gruppofontana.it\/latam\/#organization\",\"name\":\"Latam Gruppo Fontana\",\"url\":\"https:\/\/gruppofontana.it\/latam\/\",\"logo\":{\"@type\":\"ImageObject\",\"inLanguage\":\"it-IT\",\"@id\":\"https:\/\/gruppofontana.it\/latam\/#\/schema\/logo\/image\/\",\"url\":\"https:\/\/gruppofontana.it\/latam\/wp-content\/uploads\/2024\/07\/cropped-LOGO-FONTANA-SPIRALE-e1741347346578.png\",\"contentUrl\":\"https:\/\/gruppofontana.it\/latam\/wp-content\/uploads\/2024\/07\/cropped-LOGO-FONTANA-SPIRALE-e1741347346578.png\",\"width\":3000,\"height\":503,\"caption\":\"Latam Gruppo Fontana\"},\"image\":{\"@id\":\"https:\/\/gruppofontana.it\/latam\/#\/schema\/logo\/image\/\"}}]}<\/script>\n<!-- \/ Yoast SEO plugin. -->","yoast_head_json":{"title":"SOBRE N\u00d3S - Latam Gruppo Fontana","robots":{"index":"index","follow":"follow","max-snippet":"max-snippet:-1","max-image-preview":"max-image-preview:large","max-video-preview":"max-video-preview:-1"},"canonical":"https:\/\/gruppofontana.it\/latam\/sobre-nos\/","og_locale":"it_IT","og_type":"article","og_title":"SOBRE N\u00d3S - Latam Gruppo Fontana","og_description":"[vc_row full_width=&#8221;stretch_row&#8221; css=&#8221;.vc_custom_1610038921231{background-image: url(http:\/\/www.acument.ind.br\/wp-content\/uploads\/2021\/01\/SLIDE-ABOUT-2.png?id=276) !important;background-position: center !important;background-repeat: no-repeat !important;background-size: cover !important;}&#8221;][vc_column][vc_empty_space height=&#8221;300px&#8221;][\/vc_column][\/vc_row][vc_row full_width=&#8221;stretch_row&#8221; css=&#8221;.vc_custom_1609775193836{border-bottom-width: 5px !important;border-bottom-color: #0b854c !important;border-bottom-style: solid !important;}&#8221;][vc_column][vc_row_inner][vc_column_inner width=&#8221;1\/6&#8243;][\/vc_column_inner][vc_column_inner width=&#8221;2\/3&#8243;][vc_column_text] NOSSA H\u00cdSTORIA [\/vc_column_text][vc_column_text] Fundada [\u2026]","og_url":"https:\/\/gruppofontana.it\/latam\/sobre-nos\/","og_site_name":"Latam Gruppo Fontana","article_modified_time":"2026-01-16T14:10:45+00:00","og_image":[{"url":"https:\/\/www.acument.ind.br\/wp-content\/uploads\/2021\/03\/filetto-1.png"}],"twitter_card":"summary_large_image","twitter_misc":{"Tempo di lettura stimato":"3 minuti"},"schema":{"@context":"https:\/\/schema.org","@graph":[{"@type":"WebPage","@id":"https:\/\/gruppofontana.it\/latam\/sobre-nos\/","url":"https:\/\/gruppofontana.it\/latam\/sobre-nos\/","name":"SOBRE N\u00d3S - Latam Gruppo Fontana","isPartOf":{"@id":"https:\/\/gruppofontana.it\/latam\/#website"},"datePublished":"2021-01-04T15:15:59+00:00","dateModified":"2026-01-16T14:10:45+00:00","breadcrumb":{"@id":"https:\/\/gruppofontana.it\/latam\/sobre-nos\/#breadcrumb"},"inLanguage":"it-IT","potentialAction":[{"@type":"ReadAction","target":["https:\/\/gruppofontana.it\/latam\/sobre-nos\/"]}]},{"@type":"BreadcrumbList","@id":"https:\/\/gruppofontana.it\/latam\/sobre-nos\/#breadcrumb","itemListElement":[{"@type":"ListItem","position":1,"name":"Home","item":"https:\/\/gruppofontana.it\/latam\/"},{"@type":"ListItem","position":2,"name":"SOBRE N\u00d3S"}]},{"@type":"WebSite","@id":"https:\/\/gruppofontana.it\/latam\/#website","url":"https:\/\/gruppofontana.it\/latam\/","name":"Latam Gruppo Fontana","description":"","publisher":{"@id":"https:\/\/gruppofontana.it\/latam\/#organization"},"potentialAction":[{"@type":"SearchAction","target":{"@type":"EntryPoint","urlTemplate":"https:\/\/gruppofontana.it\/latam\/?s={search_term_string}"},"query-input":"required name=search_term_string"}],"inLanguage":"it-IT"},{"@type":"Organization","@id":"https:\/\/gruppofontana.it\/latam\/#organization","name":"Latam Gruppo Fontana","url":"https:\/\/gruppofontana.it\/latam\/","logo":{"@type":"ImageObject","inLanguage":"it-IT","@id":"https:\/\/gruppofontana.it\/latam\/#\/schema\/logo\/image\/","url":"https:\/\/gruppofontana.it\/latam\/wp-content\/uploads\/2024\/07\/cropped-LOGO-FONTANA-SPIRALE-e1741347346578.png","contentUrl":"https:\/\/gruppofontana.it\/latam\/wp-content\/uploads\/2024\/07\/cropped-LOGO-FONTANA-SPIRALE-e1741347346578.png","width":3000,"height":503,"caption":"Latam Gruppo Fontana"},"image":{"@id":"https:\/\/gruppofontana.it\/latam\/#\/schema\/logo\/image\/"}}]}},"_links":{"self":[{"href":"https:\/\/gruppofontana.it\/latam\/wp-json\/wp\/v2\/pages\/40","targetHints":{"allow":["GET"]}}],"collection":[{"href":"https:\/\/gruppofontana.it\/latam\/wp-json\/wp\/v2\/pages"}],"about":[{"href":"https:\/\/gruppofontana.it\/latam\/wp-json\/wp\/v2\/types\/page"}],"author":[{"embeddable":true,"href":"https:\/\/gruppofontana.it\/latam\/wp-json\/wp\/v2\/users\/1"}],"replies":[{"embeddable":true,"href":"https:\/\/gruppofontana.it\/latam\/wp-json\/wp\/v2\/comments?post=40"}],"version-history":[{"count":44,"href":"https:\/\/gruppofontana.it\/latam\/wp-json\/wp\/v2\/pages\/40\/revisions"}],"predecessor-version":[{"id":1575,"href":"https:\/\/gruppofontana.it\/latam\/wp-json\/wp\/v2\/pages\/40\/revisions\/1575"}],"wp:attachment":[{"href":"https:\/\/gruppofontana.it\/latam\/wp-json\/wp\/v2\/media?parent=40"}],"curies":[{"name":"wp","href":"https:\/\/api.w.org\/{rel}","templated":true}]}}