{"id":87,"date":"2021-01-05T09:41:07","date_gmt":"2021-01-05T09:41:07","guid":{"rendered":"http:\/\/www.acument.ind.br\/?page_id=87"},"modified":"2021-03-31T12:43:31","modified_gmt":"2021-03-31T12:43:31","slug":"ensaios-dinamicos-2","status":"publish","type":"page","link":"https:\/\/gruppofontana.it\/latam\/rd\/ensaios-dinamicos-2\/","title":{"rendered":"ENSAIOS DIN\u00c2MICOS"},"content":{"rendered":"<p>[vc_row full_width=&#8221;stretch_row_content_no_spaces&#8221; equal_height=&#8221;yes&#8221; content_placement=&#8221;middle&#8221; css=&#8221;.vc_custom_1609840511759{margin-top: -28px !important;}&#8221;][vc_column width=&#8221;1\/2&#8243; css=&#8221;.vc_custom_1609840113832{background-color: #e2e2e2 !important;}&#8221;][vc_column_text css=&#8221;.vc_custom_1617194596051{margin-right: 10% !important;margin-left: 10% !important;}&#8221;]<\/p>\n<p style=\"text-align: center; font-family: libre franklin; font-weight: 500; font-size: 20px; text-transform: uppercase; color: #149442;\">Junker test machine<br \/>\n<em>(Origem: Irlanda)<\/em><\/p>\n<p style=\"text-align: center; font-family: libre franklin; font-weight: 500; font-size: 18px; color: #149442;\"><em>m\u00e1quina para ensaios de vibra\u00e7\u00e3o transversal<\/em><\/p>\n<p style=\"text-align: center; font-family: libre franklin; font-weight: 600; font-size: 35px; color: #149442;\"><img loading=\"lazy\" decoding=\"async\" class=\"size-medium wp-image-15 aligncenter\" src=\"https:\/\/www.acument.ind.br\/wp-content\/uploads\/2021\/03\/filetto-1.png\" alt=\"\" width=\"300\" height=\"25\" \/><\/p>\n<p>[\/vc_column_text][vc_column_text css=&#8221;.vc_custom_1609840243615{margin-right: 10% !important;margin-left: 10% !important;}&#8221;][\/vc_column_text][vc_column_text css=&#8221;.vc_custom_1610019452448{margin-right: 10% !important;margin-left: 10% !important;}&#8221;]<\/p>\n<p style=\"font-family: 'libre franklin'; font-weight: 300; font-size: 14px; color: #161922; text-align: center;\">Permite a avalia\u00e7\u00e3o da capacidade de reten\u00e7\u00e3o de pr\u00e9-carga de aperto em parafusos que possuam propriedades ou elementos travantes, estando sujeitos a a\u00e7\u00e3o de for\u00e7as alternadas din\u00e2micas transversais.<\/p>\n<p>[\/vc_column_text][\/vc_column][vc_column width=&#8221;1\/2&#8243; css=&#8221;.vc_custom_1612372445287{background-image: url(http:\/\/www.acument.ind.br\/wp-content\/uploads\/2021\/02\/FOTO1.jpg?id=499) !important;background-position: center !important;background-repeat: no-repeat !important;background-size: cover !important;}&#8221;][vc_empty_space height=&#8221;450px&#8221; css=&#8221;.vc_custom_1609840148101{background-position: center !important;background-repeat: no-repeat !important;background-size: cover !important;}&#8221;][\/vc_column][\/vc_row][vc_row full_width=&#8221;stretch_row_content_no_spaces&#8221; equal_height=&#8221;yes&#8221; content_placement=&#8221;middle&#8221;][vc_column width=&#8221;1\/2&#8243; css=&#8221;.vc_custom_1614935372544{background-image: url(http:\/\/www.acument.ind.br\/wp-content\/uploads\/2021\/02\/FOTO2-1.jpg?id=502) !important;background-position: center !important;background-repeat: no-repeat !important;background-size: cover !important;}&#8221; offset=&#8221;vc_hidden-sm vc_hidden-xs&#8221;][vc_empty_space height=&#8221;450px&#8221; css=&#8221;.vc_custom_1609840148101{background-position: center !important;background-repeat: no-repeat !important;background-size: cover !important;}&#8221;][\/vc_column][vc_column width=&#8221;1\/2&#8243; css=&#8221;.vc_custom_1614935367297{background-color: #ffffff !important;}&#8221; offset=&#8221;vc_hidden-sm vc_hidden-xs&#8221;][vc_column_text css=&#8221;.vc_custom_1617194602449{margin-right: 10% !important;margin-left: 10% !important;}&#8221;]<\/p>\n<p style=\"text-align: center; font-family: libre franklin; font-weight: 500; font-size: 20px; text-transform: uppercase; color: #149442;\">M\u00e1quina de fadiga<br \/>\n<em>(Origem: EUA)<\/em><\/p>\n<p style=\"text-align: center; font-family: libre franklin; font-weight: 500; font-size: 18px; color: #149442;\"><em>teste com carregamento din\u00e2mico alternado axial<\/em><\/p>\n<p style=\"text-align: center; font-family: libre franklin; font-weight: 600; font-size: 35px; color: #149442;\"><img loading=\"lazy\" decoding=\"async\" class=\"size-medium wp-image-15 aligncenter\" src=\"https:\/\/www.acument.ind.br\/wp-content\/uploads\/2021\/03\/filetto-1.png\" alt=\"\" width=\"300\" height=\"25\" \/><\/p>\n<p>[\/vc_column_text][vc_column_text css=&#8221;.vc_custom_1609840243615{margin-right: 10% !important;margin-left: 10% !important;}&#8221;][\/vc_column_text][vc_column_text css=&#8221;.vc_custom_1610019333722{margin-right: 10% !important;margin-left: 10% !important;}&#8221;]<\/p>\n<p style=\"font-family: 'libre franklin'; font-weight: 300; font-size: 14px; color: #161922; text-align: center;\">Permite a avali\u00e7\u00e3o da durabilidade de parafusos em termos de vida \u00fatil funcional. Em alguns casos, permite, do mesmo modo, a simula\u00e7\u00e3o de conjuntos aparafusados completos (juntas aparafusadas montadas), a depender de limita\u00e7\u00f5es dimensionais.<\/p>\n<p>[\/vc_column_text][\/vc_column][\/vc_row][vc_row full_width=&#8221;stretch_row_content_no_spaces&#8221; equal_height=&#8221;yes&#8221; content_placement=&#8221;middle&#8221;][vc_column width=&#8221;1\/2&#8243; css=&#8221;.vc_custom_1614935356992{background-color: #ffffff !important;}&#8221; offset=&#8221;vc_hidden-lg vc_hidden-md&#8221;][vc_column_text css=&#8221;.vc_custom_1617194610070{margin-right: 10% !important;margin-left: 10% !important;}&#8221;]<\/p>\n<p style=\"text-align: center; font-family: libre franklin; font-weight: 500; font-size: 20px; text-transform: uppercase; color: #149442;\">M\u00e1quina de fadiga<br \/>\n<em>(Origem: EUA)<\/em><\/p>\n<p style=\"text-align: center; font-family: libre franklin; font-weight: 500; font-size: 18px; color: #149442;\"><em>teste com carregamento din\u00e2mico alternado axial<\/em><\/p>\n<p style=\"text-align: center; font-family: libre franklin; font-weight: 600; font-size: 35px; color: #149442;\"><img loading=\"lazy\" decoding=\"async\" class=\"size-medium wp-image-15 aligncenter\" src=\"https:\/\/www.acument.ind.br\/wp-content\/uploads\/2021\/03\/filetto-1.png\" alt=\"\" width=\"300\" height=\"25\" \/><\/p>\n<p>[\/vc_column_text][vc_column_text css=&#8221;.vc_custom_1609840243615{margin-right: 10% !important;margin-left: 10% !important;}&#8221;][\/vc_column_text][vc_column_text css=&#8221;.vc_custom_1610019333722{margin-right: 10% !important;margin-left: 10% !important;}&#8221;]<\/p>\n<p style=\"font-family: 'libre franklin'; font-weight: 300; font-size: 14px; color: #161922; text-align: center;\">Permite a avali\u00e7\u00e3o da durabilidade de parafusos em termos de vida \u00fatil funcional. Em alguns casos, permite, do mesmo modo, a simula\u00e7\u00e3o de conjuntos aparafusados completos (juntas aparafusadas montadas), a depender de limita\u00e7\u00f5es dimensionais.<\/p>\n<p>[\/vc_column_text][\/vc_column][vc_column width=&#8221;1\/2&#8243; css=&#8221;.vc_custom_1614935362137{background-image: url(http:\/\/www.acument.ind.br\/wp-content\/uploads\/2021\/02\/FOTO2-1.jpg?id=502) !important;background-position: center !important;background-repeat: no-repeat !important;background-size: cover !important;}&#8221; offset=&#8221;vc_hidden-lg vc_hidden-md&#8221;][vc_empty_space height=&#8221;450px&#8221; css=&#8221;.vc_custom_1609840148101{background-position: center !important;background-repeat: no-repeat !important;background-size: cover !important;}&#8221;][\/vc_column][\/vc_row][vc_row full_width=&#8221;stretch_row&#8221; equal_height=&#8221;yes&#8221; content_placement=&#8221;middle&#8221; css=&#8221;.vc_custom_1614935343338{border-bottom-width: 5px !important;border-bottom-color: #0b854c !important;border-bottom-style: solid !important;}&#8221;][vc_column width=&#8221;1\/4&#8243;][\/vc_column][vc_column width=&#8221;1\/2&#8243; css=&#8221;.vc_custom_1610381316751{background-position: center !important;background-repeat: no-repeat !important;background-size: cover !important;}&#8221;][vc_btn title=&#8221;P\u00c1GINA ANTERIOR&#8221; style=&#8221;outline-custom&#8221; outline_custom_color=&#8221;#149442&#8243; outline_custom_hover_background=&#8221;#149442&#8243; outline_custom_hover_text=&#8221;#ffffff&#8221; shape=&#8221;square&#8221; size=&#8221;lg&#8221; align=&#8221;center&#8221; i_icon_fontawesome=&#8221;fas fa-angle-left&#8221; button_block=&#8221;true&#8221; add_icon=&#8221;true&#8221; link=&#8221;url:http%3A%2F%2Fwww.acument.ind.br%2Frd%2F|||&#8221;][\/vc_column][vc_column width=&#8221;1\/4&#8243;][\/vc_column][\/vc_row]<\/p>\n","protected":false},"excerpt":{"rendered":"<p>[vc_row full_width=&#8221;stretch_row_content_no_spaces&#8221; equal_height=&#8221;yes&#8221; content_placement=&#8221;middle&#8221; css=&#8221;.vc_custom_1609840511759{margin-top: -28px !important;}&#8221;][vc_column width=&#8221;1\/2&#8243; css=&#8221;.vc_custom_1609840113832{background-color: #e2e2e2 !important;}&#8221;][vc_column_text css=&#8221;.vc_custom_1617194596051{margin-right: 10% !important;margin-left: 10% !important;}&#8221;] Junker test machine (Origem: Irlanda) m\u00e1quina para ensaios de vibra\u00e7\u00e3o<span class=\"excerpt-hellip\"> [\u2026]<\/span><\/p>\n","protected":false},"author":1,"featured_media":0,"parent":58,"menu_order":0,"comment_status":"closed","ping_status":"closed","template":"","meta":{"footnotes":""},"class_list":["post-87","page","type-page","status-publish","hentry"],"yoast_head":"<!-- This site is optimized with the Yoast SEO plugin v20.1 - https:\/\/yoast.com\/wordpress\/plugins\/seo\/ -->\n<title>ENSAIOS DIN\u00c2MICOS - Latam Gruppo Fontana<\/title>\n<meta name=\"robots\" content=\"index, follow, max-snippet:-1, max-image-preview:large, max-video-preview:-1\" \/>\n<link rel=\"canonical\" href=\"https:\/\/gruppofontana.it\/latam\/rd\/ensaios-dinamicos-2\/\" \/>\n<meta property=\"og:locale\" content=\"it_IT\" \/>\n<meta property=\"og:type\" content=\"article\" \/>\n<meta property=\"og:title\" content=\"ENSAIOS DIN\u00c2MICOS - Latam Gruppo Fontana\" \/>\n<meta property=\"og:description\" content=\"[vc_row full_width=&#8221;stretch_row_content_no_spaces&#8221; equal_height=&#8221;yes&#8221; content_placement=&#8221;middle&#8221; css=&#8221;.vc_custom_1609840511759{margin-top: -28px !important;}&#8221;][vc_column width=&#8221;1\/2&#8243; css=&#8221;.vc_custom_1609840113832{background-color: #e2e2e2 !important;}&#8221;][vc_column_text css=&#8221;.vc_custom_1617194596051{margin-right: 10% !important;margin-left: 10% !important;}&#8221;] Junker test machine (Origem: Irlanda) m\u00e1quina para ensaios de vibra\u00e7\u00e3o [\u2026]\" \/>\n<meta property=\"og:url\" content=\"https:\/\/gruppofontana.it\/latam\/rd\/ensaios-dinamicos-2\/\" \/>\n<meta property=\"og:site_name\" content=\"Latam Gruppo Fontana\" \/>\n<meta property=\"article:modified_time\" content=\"2021-03-31T12:43:31+00:00\" \/>\n<meta property=\"og:image\" content=\"https:\/\/www.acument.ind.br\/wp-content\/uploads\/2021\/03\/filetto-1.png\" \/>\n<meta name=\"twitter:card\" content=\"summary_large_image\" \/>\n<meta name=\"twitter:label1\" content=\"Tempo di lettura stimato\" \/>\n\t<meta name=\"twitter:data1\" content=\"3 minuti\" \/>\n<script type=\"application\/ld+json\" class=\"yoast-schema-graph\">{\"@context\":\"https:\/\/schema.org\",\"@graph\":[{\"@type\":\"WebPage\",\"@id\":\"https:\/\/gruppofontana.it\/latam\/rd\/ensaios-dinamicos-2\/\",\"url\":\"https:\/\/gruppofontana.it\/latam\/rd\/ensaios-dinamicos-2\/\",\"name\":\"ENSAIOS DIN\u00c2MICOS - Latam Gruppo Fontana\",\"isPartOf\":{\"@id\":\"https:\/\/gruppofontana.it\/latam\/#website\"},\"datePublished\":\"2021-01-05T09:41:07+00:00\",\"dateModified\":\"2021-03-31T12:43:31+00:00\",\"breadcrumb\":{\"@id\":\"https:\/\/gruppofontana.it\/latam\/rd\/ensaios-dinamicos-2\/#breadcrumb\"},\"inLanguage\":\"it-IT\",\"potentialAction\":[{\"@type\":\"ReadAction\",\"target\":[\"https:\/\/gruppofontana.it\/latam\/rd\/ensaios-dinamicos-2\/\"]}]},{\"@type\":\"BreadcrumbList\",\"@id\":\"https:\/\/gruppofontana.it\/latam\/rd\/ensaios-dinamicos-2\/#breadcrumb\",\"itemListElement\":[{\"@type\":\"ListItem\",\"position\":1,\"name\":\"Home\",\"item\":\"https:\/\/gruppofontana.it\/latam\/\"},{\"@type\":\"ListItem\",\"position\":2,\"name\":\"R&#038;D\",\"item\":\"https:\/\/gruppofontana.it\/latam\/rd\/\"},{\"@type\":\"ListItem\",\"position\":3,\"name\":\"ENSAIOS DIN\u00c2MICOS\"}]},{\"@type\":\"WebSite\",\"@id\":\"https:\/\/gruppofontana.it\/latam\/#website\",\"url\":\"https:\/\/gruppofontana.it\/latam\/\",\"name\":\"Latam Gruppo Fontana\",\"description\":\"\",\"publisher\":{\"@id\":\"https:\/\/gruppofontana.it\/latam\/#organization\"},\"potentialAction\":[{\"@type\":\"SearchAction\",\"target\":{\"@type\":\"EntryPoint\",\"urlTemplate\":\"https:\/\/gruppofontana.it\/latam\/?s={search_term_string}\"},\"query-input\":\"required name=search_term_string\"}],\"inLanguage\":\"it-IT\"},{\"@type\":\"Organization\",\"@id\":\"https:\/\/gruppofontana.it\/latam\/#organization\",\"name\":\"Latam Gruppo Fontana\",\"url\":\"https:\/\/gruppofontana.it\/latam\/\",\"logo\":{\"@type\":\"ImageObject\",\"inLanguage\":\"it-IT\",\"@id\":\"https:\/\/gruppofontana.it\/latam\/#\/schema\/logo\/image\/\",\"url\":\"https:\/\/gruppofontana.it\/latam\/wp-content\/uploads\/2024\/07\/cropped-LOGO-FONTANA-SPIRALE-e1741347346578.png\",\"contentUrl\":\"https:\/\/gruppofontana.it\/latam\/wp-content\/uploads\/2024\/07\/cropped-LOGO-FONTANA-SPIRALE-e1741347346578.png\",\"width\":3000,\"height\":503,\"caption\":\"Latam Gruppo Fontana\"},\"image\":{\"@id\":\"https:\/\/gruppofontana.it\/latam\/#\/schema\/logo\/image\/\"}}]}<\/script>\n<!-- \/ Yoast SEO plugin. -->","yoast_head_json":{"title":"ENSAIOS DIN\u00c2MICOS - Latam Gruppo Fontana","robots":{"index":"index","follow":"follow","max-snippet":"max-snippet:-1","max-image-preview":"max-image-preview:large","max-video-preview":"max-video-preview:-1"},"canonical":"https:\/\/gruppofontana.it\/latam\/rd\/ensaios-dinamicos-2\/","og_locale":"it_IT","og_type":"article","og_title":"ENSAIOS DIN\u00c2MICOS - Latam Gruppo Fontana","og_description":"[vc_row full_width=&#8221;stretch_row_content_no_spaces&#8221; equal_height=&#8221;yes&#8221; content_placement=&#8221;middle&#8221; css=&#8221;.vc_custom_1609840511759{margin-top: -28px !important;}&#8221;][vc_column width=&#8221;1\/2&#8243; css=&#8221;.vc_custom_1609840113832{background-color: #e2e2e2 !important;}&#8221;][vc_column_text css=&#8221;.vc_custom_1617194596051{margin-right: 10% !important;margin-left: 10% !important;}&#8221;] Junker test machine (Origem: Irlanda) m\u00e1quina para ensaios de vibra\u00e7\u00e3o [\u2026]","og_url":"https:\/\/gruppofontana.it\/latam\/rd\/ensaios-dinamicos-2\/","og_site_name":"Latam Gruppo Fontana","article_modified_time":"2021-03-31T12:43:31+00:00","og_image":[{"url":"https:\/\/www.acument.ind.br\/wp-content\/uploads\/2021\/03\/filetto-1.png"}],"twitter_card":"summary_large_image","twitter_misc":{"Tempo di lettura stimato":"3 minuti"},"schema":{"@context":"https:\/\/schema.org","@graph":[{"@type":"WebPage","@id":"https:\/\/gruppofontana.it\/latam\/rd\/ensaios-dinamicos-2\/","url":"https:\/\/gruppofontana.it\/latam\/rd\/ensaios-dinamicos-2\/","name":"ENSAIOS DIN\u00c2MICOS - Latam Gruppo Fontana","isPartOf":{"@id":"https:\/\/gruppofontana.it\/latam\/#website"},"datePublished":"2021-01-05T09:41:07+00:00","dateModified":"2021-03-31T12:43:31+00:00","breadcrumb":{"@id":"https:\/\/gruppofontana.it\/latam\/rd\/ensaios-dinamicos-2\/#breadcrumb"},"inLanguage":"it-IT","potentialAction":[{"@type":"ReadAction","target":["https:\/\/gruppofontana.it\/latam\/rd\/ensaios-dinamicos-2\/"]}]},{"@type":"BreadcrumbList","@id":"https:\/\/gruppofontana.it\/latam\/rd\/ensaios-dinamicos-2\/#breadcrumb","itemListElement":[{"@type":"ListItem","position":1,"name":"Home","item":"https:\/\/gruppofontana.it\/latam\/"},{"@type":"ListItem","position":2,"name":"R&#038;D","item":"https:\/\/gruppofontana.it\/latam\/rd\/"},{"@type":"ListItem","position":3,"name":"ENSAIOS DIN\u00c2MICOS"}]},{"@type":"WebSite","@id":"https:\/\/gruppofontana.it\/latam\/#website","url":"https:\/\/gruppofontana.it\/latam\/","name":"Latam Gruppo Fontana","description":"","publisher":{"@id":"https:\/\/gruppofontana.it\/latam\/#organization"},"potentialAction":[{"@type":"SearchAction","target":{"@type":"EntryPoint","urlTemplate":"https:\/\/gruppofontana.it\/latam\/?s={search_term_string}"},"query-input":"required name=search_term_string"}],"inLanguage":"it-IT"},{"@type":"Organization","@id":"https:\/\/gruppofontana.it\/latam\/#organization","name":"Latam Gruppo Fontana","url":"https:\/\/gruppofontana.it\/latam\/","logo":{"@type":"ImageObject","inLanguage":"it-IT","@id":"https:\/\/gruppofontana.it\/latam\/#\/schema\/logo\/image\/","url":"https:\/\/gruppofontana.it\/latam\/wp-content\/uploads\/2024\/07\/cropped-LOGO-FONTANA-SPIRALE-e1741347346578.png","contentUrl":"https:\/\/gruppofontana.it\/latam\/wp-content\/uploads\/2024\/07\/cropped-LOGO-FONTANA-SPIRALE-e1741347346578.png","width":3000,"height":503,"caption":"Latam Gruppo Fontana"},"image":{"@id":"https:\/\/gruppofontana.it\/latam\/#\/schema\/logo\/image\/"}}]}},"_links":{"self":[{"href":"https:\/\/gruppofontana.it\/latam\/wp-json\/wp\/v2\/pages\/87","targetHints":{"allow":["GET"]}}],"collection":[{"href":"https:\/\/gruppofontana.it\/latam\/wp-json\/wp\/v2\/pages"}],"about":[{"href":"https:\/\/gruppofontana.it\/latam\/wp-json\/wp\/v2\/types\/page"}],"author":[{"embeddable":true,"href":"https:\/\/gruppofontana.it\/latam\/wp-json\/wp\/v2\/users\/1"}],"replies":[{"embeddable":true,"href":"https:\/\/gruppofontana.it\/latam\/wp-json\/wp\/v2\/comments?post=87"}],"version-history":[{"count":16,"href":"https:\/\/gruppofontana.it\/latam\/wp-json\/wp\/v2\/pages\/87\/revisions"}],"predecessor-version":[{"id":500,"href":"https:\/\/gruppofontana.it\/latam\/wp-json\/wp\/v2\/pages\/87\/revisions\/500"}],"up":[{"embeddable":true,"href":"https:\/\/gruppofontana.it\/latam\/wp-json\/wp\/v2\/pages\/58"}],"wp:attachment":[{"href":"https:\/\/gruppofontana.it\/latam\/wp-json\/wp\/v2\/media?parent=87"}],"curies":[{"name":"wp","href":"https:\/\/api.w.org\/{rel}","templated":true}]}}